{"id":4428,"date":"2026-04-20T23:22:46","date_gmt":"2026-04-20T23:22:46","guid":{"rendered":"https:\/\/citricopeluqueria.com\/?post_type=product&#038;p=4428"},"modified":"2026-04-20T23:23:29","modified_gmt":"2026-04-20T23:23:29","slug":"combo-11-curly-hair-care-2","status":"publish","type":"product","link":"https:\/\/citricopeluqueria.com\/?product=combo-11-curly-hair-care-2","title":{"rendered":"Combo 11: Curly Hair Care"},"content":{"rendered":"<p class=\"p1\"><span class=\"s1\">\u2728 <\/span><b>Curly Hair Care \u2013 Combo 11<\/b><span class=\"s1\"> \u2728<\/span><\/p>\n<p class=\"p3\">Un combo pensado especialmente para <span class=\"s2\"><b>cabellos con rulos<\/b><\/span>, enfocado en el cuidado, la salud y una <span class=\"s2\"><b>definici\u00f3n hermosa y duradera<\/b><\/span> \ud83c\udf00\ud83d\udc96<\/p>\n<p class=\"p3\">Trabajamos cada paso de forma personalizada para que tus rulos se vean y se sientan incre\u00edbles.<\/p>\n<p class=\"p1\"><b>Incluye:<\/b><b><\/b><\/p>\n<p class=\"p3\">\u2022 Diagn\u00f3stico capilar personalizado<\/p>\n<p class=\"p3\">\u2022 Prueba de porosidad y elasticidad<\/p>\n<p class=\"p3\">\u2022 Lavado espec\u00edfico para cabello rizado<\/p>\n<p class=\"p3\">\u2022 Tratamiento a elecci\u00f3n seg\u00fan diagn\u00f3stico: nutritivo, hidratante o reconstructivo<\/p>\n<p class=\"p3\">\u2022 Definici\u00f3n curly, respetando la forma natural del rulo<\/p>\n<p class=\"p3\">\u2022 Secado<\/p>\n<p class=\"p3\">\u2022 Styling final para potenciar tus rulos<\/p>\n<p class=\"p3\">Ideal si quer\u00e9s rulos definidos, suaves, sin frizz y con movimiento \u2728<\/p>\n<p class=\"p3\">Porque tus rulos no se doman\u2026 <span class=\"s2\"><b>se cuidan<\/b><\/span> \ud83d\udcab\ud83c\udf00<\/p>\n","protected":false},"excerpt":{"rendered":"<p>\u2728 Curly Hair Care \u2013 Combo 11 \u2728 Un combo pensado especialmente para cabellos con rulos, enfocado en el cuidado, la salud y una definici\u00f3n hermosa y duradera \ud83c\udf00\ud83d\udc96 Trabajamos cada paso de forma personalizada para que tus rulos se vean y se sientan incre\u00edbles. Incluye: \u2022 Diagn\u00f3stico capilar personalizado \u2022 Prueba de porosidad y [&hellip;]<\/p>\n","protected":false},"featured_media":4418,"template":"","meta":{"site-sidebar-layout":"default","site-content-layout":"default","ast-site-content-layout":"default","site-content-style":"default","site-sidebar-style":"default","ast-global-header-display":"","ast-banner-title-visibility":"","ast-main-header-display":"","ast-hfb-above-header-display":"","ast-hfb-below-header-display":"","ast-hfb-mobile-header-display":"","site-post-title":"","ast-breadcrumbs-content":"","ast-featured-img":"","footer-sml-layout":"","theme-transparent-header-meta":"default","adv-header-id-meta":"","stick-header-meta":"","header-above-stick-meta":"","header-main-stick-meta":"","header-below-stick-meta":"","astra-migrate-meta-layouts":"set","ast-page-background-enabled":"default","ast-page-background-meta":{"desktop":{"background-color":"","background-image":"","background-repeat":"repeat","background-position":"center center","background-size":"auto","background-attachment":"scroll","background-type":"","background-media":"","overlay-type":"","overlay-color":"","overlay-opacity":"","overlay-gradient":""},"tablet":{"background-color":"","background-image":"","background-repeat":"repeat","background-position":"center center","background-size":"auto","background-attachment":"scroll","background-type":"","background-media":"","overlay-type":"","overlay-color":"","overlay-opacity":"","overlay-gradient":""},"mobile":{"background-color":"","background-image":"","background-repeat":"repeat","background-position":"center center","background-size":"auto","background-attachment":"scroll","background-type":"","background-media":"","overlay-type":"","overlay-color":"","overlay-opacity":"","overlay-gradient":""}},"ast-content-background-meta":{"desktop":{"background-color":"var(--ast-global-color-5)","background-image":"","background-repeat":"repeat","background-position":"center center","background-size":"auto","background-attachment":"scroll","background-type":"","background-media":"","overlay-type":"","overlay-color":"","overlay-opacity":"","overlay-gradient":""},"tablet":{"background-color":"var(--ast-global-color-5)","background-image":"","background-repeat":"repeat","background-position":"center center","background-size":"auto","background-attachment":"scroll","background-type":"","background-media":"","overlay-type":"","overlay-color":"","overlay-opacity":"","overlay-gradient":""},"mobile":{"background-color":"var(--ast-global-color-5)","background-image":"","background-repeat":"repeat","background-position":"center center","background-size":"auto","background-attachment":"scroll","background-type":"","background-media":"","overlay-type":"","overlay-color":"","overlay-opacity":"","overlay-gradient":""}},"_joinchat":[]},"product_cat":[76],"product_tag":[],"class_list":{"0":"post-4428","1":"product","2":"type-product","3":"status-publish","4":"has-post-thumbnail","6":"product_cat-tienda","7":"desktop-align-left","8":"tablet-align-left","9":"mobile-align-left","10":"ast-product-gallery-layout-horizontal-slider","11":"ast-product-gallery-with-no-image","12":"ast-product-tabs-layout-horizontal","14":"first","15":"instock","16":"shipping-taxable","17":"purchasable","18":"product-type-simple"},"_links":{"self":[{"href":"https:\/\/citricopeluqueria.com\/index.php?rest_route=\/wp\/v2\/product\/4428","targetHints":{"allow":["GET"]}}],"collection":[{"href":"https:\/\/citricopeluqueria.com\/index.php?rest_route=\/wp\/v2\/product"}],"about":[{"href":"https:\/\/citricopeluqueria.com\/index.php?rest_route=\/wp\/v2\/types\/product"}],"wp:featuredmedia":[{"embeddable":true,"href":"https:\/\/citricopeluqueria.com\/index.php?rest_route=\/wp\/v2\/media\/4418"}],"wp:attachment":[{"href":"https:\/\/citricopeluqueria.com\/index.php?rest_route=%2Fwp%2Fv2%2Fmedia&parent=4428"}],"wp:term":[{"taxonomy":"product_cat","embeddable":true,"href":"https:\/\/citricopeluqueria.com\/index.php?rest_route=%2Fwp%2Fv2%2Fproduct_cat&post=4428"},{"taxonomy":"product_tag","embeddable":true,"href":"https:\/\/citricopeluqueria.com\/index.php?rest_route=%2Fwp%2Fv2%2Fproduct_tag&post=4428"}],"curies":[{"name":"wp","href":"https:\/\/api.w.org\/{rel}","templated":true}]}}