{"id":4341,"date":"2025-12-11T00:46:55","date_gmt":"2025-12-11T00:46:55","guid":{"rendered":"https:\/\/citricopeluqueria.com\/?post_type=product&#038;p=4341"},"modified":"2026-04-20T23:27:28","modified_gmt":"2026-04-20T23:27:28","slug":"cepillo-amazonia-ecologico-dompel","status":"publish","type":"product","link":"https:\/\/citricopeluqueria.com\/?product=cepillo-amazonia-ecologico-dompel","title":{"rendered":"Cepillo Amazonia Ecol\u00f3gico Dompel"},"content":{"rendered":"","protected":false},"excerpt":{"rendered":"<p class=\"p1\">\u00a1Sumale un toque eco a tu melena! \ud83c\udf31 Este cepillo Amazonia Ecol\u00f3gico de Dompel est\u00e1 fabricado con residuos reciclables \u2014 incluso con restos org\u00e1nicos de caf\u00e9 \u2014 as\u00ed que adem\u00e1s de cuidar tu cabello, cuid\u00e1s al planeta \ud83c\udf0e. Su dise\u00f1o est\u00e1 pensado para cabellos largos o voluminosos: las cerdas llegan hasta las ra\u00edces desenredando sin tironear, ideal para evitar el frizz y el quiebre \ud83d\udc69\u200d\ud83e\uddb0\ud83d\udc9a.<\/p>\n<p class=\"p1\">Perfecto si quer\u00e9s ofrecer a tus clientas un producto responsable, pr\u00e1ctico y efectivo para el d\u00eda a d\u00eda. Adem\u00e1s, \u00a1una opci\u00f3n ideal si quer\u00e9s destacarte con art\u00edculos sostenibles en tu sal\u00f3n! \u2728\ud83d\udc86\u200d\u2640\ufe0f<\/p>\n","protected":false},"featured_media":4340,"template":"","meta":{"site-sidebar-layout":"default","site-content-layout":"default","ast-site-content-layout":"default","site-content-style":"default","site-sidebar-style":"default","ast-global-header-display":"","ast-banner-title-visibility":"","ast-main-header-display":"","ast-hfb-above-header-display":"","ast-hfb-below-header-display":"","ast-hfb-mobile-header-display":"","site-post-title":"","ast-breadcrumbs-content":"","ast-featured-img":"","footer-sml-layout":"","theme-transparent-header-meta":"default","adv-header-id-meta":"","stick-header-meta":"","header-above-stick-meta":"","header-main-stick-meta":"","header-below-stick-meta":"","astra-migrate-meta-layouts":"set","ast-page-background-enabled":"default","ast-page-background-meta":{"desktop":{"background-color":"","background-image":"","background-repeat":"repeat","background-position":"center center","background-size":"auto","background-attachment":"scroll","background-type":"","background-media":"","overlay-type":"","overlay-color":"","overlay-opacity":"","overlay-gradient":""},"tablet":{"background-color":"","background-image":"","background-repeat":"repeat","background-position":"center center","background-size":"auto","background-attachment":"scroll","background-type":"","background-media":"","overlay-type":"","overlay-color":"","overlay-opacity":"","overlay-gradient":""},"mobile":{"background-color":"","background-image":"","background-repeat":"repeat","background-position":"center center","background-size":"auto","background-attachment":"scroll","background-type":"","background-media":"","overlay-type":"","overlay-color":"","overlay-opacity":"","overlay-gradient":""}},"ast-content-background-meta":{"desktop":{"background-color":"var(--ast-global-color-5)","background-image":"","background-repeat":"repeat","background-position":"center center","background-size":"auto","background-attachment":"scroll","background-type":"","background-media":"","overlay-type":"","overlay-color":"","overlay-opacity":"","overlay-gradient":""},"tablet":{"background-color":"var(--ast-global-color-5)","background-image":"","background-repeat":"repeat","background-position":"center center","background-size":"auto","background-attachment":"scroll","background-type":"","background-media":"","overlay-type":"","overlay-color":"","overlay-opacity":"","overlay-gradient":""},"mobile":{"background-color":"var(--ast-global-color-5)","background-image":"","background-repeat":"repeat","background-position":"center center","background-size":"auto","background-attachment":"scroll","background-type":"","background-media":"","overlay-type":"","overlay-color":"","overlay-opacity":"","overlay-gradient":""}},"_joinchat":[]},"product_cat":[76],"product_tag":[],"class_list":{"0":"post-4341","1":"product","2":"type-product","3":"status-publish","4":"has-post-thumbnail","6":"product_cat-tienda","7":"desktop-align-left","8":"tablet-align-left","9":"mobile-align-left","10":"ast-product-gallery-layout-horizontal-slider","11":"ast-product-gallery-with-no-image","12":"ast-product-tabs-layout-horizontal","14":"first","15":"instock","16":"shipping-taxable","17":"purchasable","18":"product-type-simple"},"_links":{"self":[{"href":"https:\/\/citricopeluqueria.com\/index.php?rest_route=\/wp\/v2\/product\/4341","targetHints":{"allow":["GET"]}}],"collection":[{"href":"https:\/\/citricopeluqueria.com\/index.php?rest_route=\/wp\/v2\/product"}],"about":[{"href":"https:\/\/citricopeluqueria.com\/index.php?rest_route=\/wp\/v2\/types\/product"}],"wp:featuredmedia":[{"embeddable":true,"href":"https:\/\/citricopeluqueria.com\/index.php?rest_route=\/wp\/v2\/media\/4340"}],"wp:attachment":[{"href":"https:\/\/citricopeluqueria.com\/index.php?rest_route=%2Fwp%2Fv2%2Fmedia&parent=4341"}],"wp:term":[{"taxonomy":"product_cat","embeddable":true,"href":"https:\/\/citricopeluqueria.com\/index.php?rest_route=%2Fwp%2Fv2%2Fproduct_cat&post=4341"},{"taxonomy":"product_tag","embeddable":true,"href":"https:\/\/citricopeluqueria.com\/index.php?rest_route=%2Fwp%2Fv2%2Fproduct_tag&post=4341"}],"curies":[{"name":"wp","href":"https:\/\/api.w.org\/{rel}","templated":true}]}}