{"id":4257,"date":"2025-10-20T20:41:33","date_gmt":"2025-10-20T20:41:33","guid":{"rendered":"https:\/\/citricopeluqueria.com\/?post_type=product&#038;p=4257"},"modified":"2025-10-21T15:56:56","modified_gmt":"2025-10-21T15:56:56","slug":"depilacion-integral","status":"publish","type":"product","link":"https:\/\/citricopeluqueria.com\/?product=depilacion-integral","title":{"rendered":"Depilaci\u00f3n Integral"},"content":{"rendered":"<hr \/>\n<p class=\"p1\"><span class=\"s1\">Cuidamos tu piel con <\/span><b>higiene, precisi\u00f3n y productos de primera calidad<\/b><span class=\"s1\"> \ud83c\udf3f\ud83d\udc96, para que tu experiencia sea <\/span><b>suave, prolija y sin irritaci\u00f3n<\/b><span class=\"s1\">.<\/span><\/p>\n<p>&nbsp;<\/p>\n<h3><b>\u2728 Depilaci\u00f3n Integral \u2013 Todas las Promos<\/b><\/h3>\n<p class=\"p3\"><b>Cejas y Perfilado<\/b><b><\/b><\/p>\n<ul>\n<li>\n<p class=\"p1\"><span class=\"s1\"><b>Cejas:<\/b><\/span> $4.500<\/p>\n<\/li>\n<li>\n<p class=\"p1\"><b>Cejas + Perfilado:<\/b><span class=\"s1\"> $12.300<\/span><\/p>\n<\/li>\n<\/ul>\n<p class=\"p3\"><b>Rostro<\/b><b><\/b><\/p>\n<ul>\n<li>\n<p class=\"p1\"><span class=\"s1\"><b>Bozo:<\/b><\/span> $4.500<\/p>\n<\/li>\n<li>\n<p class=\"p1\"><b>Patillas:<\/b><span class=\"s1\"> $5.500<\/span><\/p>\n<\/li>\n<li>\n<p class=\"p1\"><b>Rostro completo (Cejas + Bozo + Patillas):<\/b><span class=\"s1\"> $10.000<\/span><\/p>\n<\/li>\n<li>\n<p class=\"p1\"><b>Rostro completo + Perfilado:<\/b><span class=\"s1\"> $12.500<\/span><\/p>\n<\/li>\n<\/ul>\n<p class=\"p3\"><b>Cuerpo<\/b><b><\/b><\/p>\n<ul>\n<li>\n<p class=\"p1\"><b>Axilas:<\/b><span class=\"s1\"> $8.000<\/span><\/p>\n<\/li>\n<\/ul>\n<p class=\"p1\">\ud83d\udca1 <span class=\"s1\"><b>Tip:<\/b><\/span> Por favor, toca el bot\u00f3n de <span class=\"s1\"><b>\u201cComprar&#8221;<\/b><\/span> para comunicarte con nosotros y decirnos <span class=\"s1\"><b>qu\u00e9 promoci\u00f3n te gustar\u00eda tomar<\/b><\/span> \u2728<\/p>\n","protected":false},"excerpt":{"rendered":"<p><a href=\"https:\/\/wa.link\/22e5yg\"><img decoding=\"async\" class=\"alignnone wp-image-4212\" src=\"https:\/\/citricopeluqueria.com\/wp-content\/uploads\/2025\/10\/BOTON-300x120.png\" alt=\"\" width=\"195\" height=\"78\" srcset=\"https:\/\/citricopeluqueria.com\/wp-content\/uploads\/2025\/10\/BOTON-300x120.png 300w, https:\/\/citricopeluqueria.com\/wp-content\/uploads\/2025\/10\/BOTON-250x100.png 250w, https:\/\/citricopeluqueria.com\/wp-content\/uploads\/2025\/10\/BOTON.png 500w\" sizes=\"(max-width: 195px) 100vw, 195px\" \/><\/a><\/p>\n","protected":false},"featured_media":4253,"template":"","meta":{"site-sidebar-layout":"default","site-content-layout":"default","ast-site-content-layout":"default","site-content-style":"default","site-sidebar-style":"default","ast-global-header-display":"","ast-banner-title-visibility":"","ast-main-header-display":"","ast-hfb-above-header-display":"","ast-hfb-below-header-display":"","ast-hfb-mobile-header-display":"","site-post-title":"","ast-breadcrumbs-content":"","ast-featured-img":"","footer-sml-layout":"","theme-transparent-header-meta":"default","adv-header-id-meta":"","stick-header-meta":"","header-above-stick-meta":"","header-main-stick-meta":"","header-below-stick-meta":"","astra-migrate-meta-layouts":"set","ast-page-background-enabled":"default","ast-page-background-meta":{"desktop":{"background-color":"","background-image":"","background-repeat":"repeat","background-position":"center center","background-size":"auto","background-attachment":"scroll","background-type":"","background-media":"","overlay-type":"","overlay-color":"","overlay-opacity":"","overlay-gradient":""},"tablet":{"background-color":"","background-image":"","background-repeat":"repeat","background-position":"center center","background-size":"auto","background-attachment":"scroll","background-type":"","background-media":"","overlay-type":"","overlay-color":"","overlay-opacity":"","overlay-gradient":""},"mobile":{"background-color":"","background-image":"","background-repeat":"repeat","background-position":"center center","background-size":"auto","background-attachment":"scroll","background-type":"","background-media":"","overlay-type":"","overlay-color":"","overlay-opacity":"","overlay-gradient":""}},"ast-content-background-meta":{"desktop":{"background-color":"var(--ast-global-color-5)","background-image":"","background-repeat":"repeat","background-position":"center center","background-size":"auto","background-attachment":"scroll","background-type":"","background-media":"","overlay-type":"","overlay-color":"","overlay-opacity":"","overlay-gradient":""},"tablet":{"background-color":"var(--ast-global-color-5)","background-image":"","background-repeat":"repeat","background-position":"center center","background-size":"auto","background-attachment":"scroll","background-type":"","background-media":"","overlay-type":"","overlay-color":"","overlay-opacity":"","overlay-gradient":""},"mobile":{"background-color":"var(--ast-global-color-5)","background-image":"","background-repeat":"repeat","background-position":"center center","background-size":"auto","background-attachment":"scroll","background-type":"","background-media":"","overlay-type":"","overlay-color":"","overlay-opacity":"","overlay-gradient":""}},"_joinchat":[]},"product_cat":[76],"product_tag":[],"class_list":{"0":"post-4257","1":"product","2":"type-product","3":"status-publish","4":"has-post-thumbnail","6":"product_cat-tienda","7":"desktop-align-left","8":"tablet-align-left","9":"mobile-align-left","10":"ast-product-gallery-layout-horizontal-slider","11":"ast-product-tabs-layout-horizontal","13":"first","14":"instock","15":"shipping-taxable","16":"product-type-simple"},"_links":{"self":[{"href":"https:\/\/citricopeluqueria.com\/index.php?rest_route=\/wp\/v2\/product\/4257","targetHints":{"allow":["GET"]}}],"collection":[{"href":"https:\/\/citricopeluqueria.com\/index.php?rest_route=\/wp\/v2\/product"}],"about":[{"href":"https:\/\/citricopeluqueria.com\/index.php?rest_route=\/wp\/v2\/types\/product"}],"wp:featuredmedia":[{"embeddable":true,"href":"https:\/\/citricopeluqueria.com\/index.php?rest_route=\/wp\/v2\/media\/4253"}],"wp:attachment":[{"href":"https:\/\/citricopeluqueria.com\/index.php?rest_route=%2Fwp%2Fv2%2Fmedia&parent=4257"}],"wp:term":[{"taxonomy":"product_cat","embeddable":true,"href":"https:\/\/citricopeluqueria.com\/index.php?rest_route=%2Fwp%2Fv2%2Fproduct_cat&post=4257"},{"taxonomy":"product_tag","embeddable":true,"href":"https:\/\/citricopeluqueria.com\/index.php?rest_route=%2Fwp%2Fv2%2Fproduct_tag&post=4257"}],"curies":[{"name":"wp","href":"https:\/\/api.w.org\/{rel}","templated":true}]}}