{"id":4244,"date":"2025-10-20T20:15:29","date_gmt":"2025-10-20T20:15:29","guid":{"rendered":"https:\/\/citricopeluqueria.com\/?post_type=product&#038;p=4244"},"modified":"2026-01-22T02:28:24","modified_gmt":"2026-01-22T02:28:24","slug":"combo-6-antifrizz-power","status":"publish","type":"product","link":"https:\/\/citricopeluqueria.com\/?product=combo-6-antifrizz-power","title":{"rendered":"Combo 6: Antifrizz Power"},"content":{"rendered":"<h3><b>\u26a1\ufe0f Combo 6: <\/b><\/h3>\n<h3><b>Antifrizz Power<\/b><\/h3>\n<p class=\"p3\">El servicio ideal para <span class=\"s2\"><b>controlar el frizz<\/b><\/span> y lograr un cabello <span class=\"s2\"><b>suave, brillante y sin volumen excesivo<\/b><\/span> \u2728. Perfecto para quienes buscan un pelo m\u00e1s d\u00f3cil, manejable y con ese acabado de pelu reci\u00e9n hecha \ud83d\ude0d<\/p>\n<p class=\"p3\">Incluye:<\/p>\n<p class=\"p3\">\ud83d\udd0d Diagn\u00f3stico capilar<\/p>\n<p class=\"p3\">\ud83d\udc86\u200d\u2640\ufe0f Shock de queratina \/ Antifrizz<\/p>\n<p class=\"p3\">\u2702\ufe0f Corte de puntas (1 a 3 cm)<\/p>\n<p class=\"p3\">\ud83d\udca8 Brushing<\/p>\n<p class=\"p3\">\ud83d\udd25 Plancha de sellado<\/p>\n<p class=\"p4\"><span class=\"s3\">Ideal para <\/span><b>domar el frizz, sellar la fibra capilar y dejar tu melena con un brillo espectacular<\/b><span class=\"s3\"> \ud83d\udc96<\/span><\/p>\n","protected":false},"excerpt":{"rendered":"<p>\u26a1\ufe0f Combo 6: Antifrizz Power El servicio ideal para controlar el frizz y lograr un cabello suave, brillante y sin volumen excesivo \u2728. Perfecto para quienes buscan un pelo m\u00e1s d\u00f3cil, manejable y con ese acabado de pelu reci\u00e9n hecha \ud83d\ude0d Incluye: \ud83d\udd0d Diagn\u00f3stico capilar \ud83d\udc86\u200d\u2640\ufe0f Shock de queratina \/ Antifrizz \u2702\ufe0f Corte de puntas [&hellip;]<\/p>\n","protected":false},"featured_media":4236,"template":"","meta":{"site-sidebar-layout":"default","site-content-layout":"default","ast-site-content-layout":"default","site-content-style":"default","site-sidebar-style":"default","ast-global-header-display":"","ast-banner-title-visibility":"","ast-main-header-display":"","ast-hfb-above-header-display":"","ast-hfb-below-header-display":"","ast-hfb-mobile-header-display":"","site-post-title":"","ast-breadcrumbs-content":"","ast-featured-img":"","footer-sml-layout":"","theme-transparent-header-meta":"default","adv-header-id-meta":"","stick-header-meta":"","header-above-stick-meta":"","header-main-stick-meta":"","header-below-stick-meta":"","astra-migrate-meta-layouts":"set","ast-page-background-enabled":"default","ast-page-background-meta":{"desktop":{"background-color":"","background-image":"","background-repeat":"repeat","background-position":"center center","background-size":"auto","background-attachment":"scroll","background-type":"","background-media":"","overlay-type":"","overlay-color":"","overlay-opacity":"","overlay-gradient":""},"tablet":{"background-color":"","background-image":"","background-repeat":"repeat","background-position":"center center","background-size":"auto","background-attachment":"scroll","background-type":"","background-media":"","overlay-type":"","overlay-color":"","overlay-opacity":"","overlay-gradient":""},"mobile":{"background-color":"","background-image":"","background-repeat":"repeat","background-position":"center center","background-size":"auto","background-attachment":"scroll","background-type":"","background-media":"","overlay-type":"","overlay-color":"","overlay-opacity":"","overlay-gradient":""}},"ast-content-background-meta":{"desktop":{"background-color":"var(--ast-global-color-5)","background-image":"","background-repeat":"repeat","background-position":"center center","background-size":"auto","background-attachment":"scroll","background-type":"","background-media":"","overlay-type":"","overlay-color":"","overlay-opacity":"","overlay-gradient":""},"tablet":{"background-color":"var(--ast-global-color-5)","background-image":"","background-repeat":"repeat","background-position":"center center","background-size":"auto","background-attachment":"scroll","background-type":"","background-media":"","overlay-type":"","overlay-color":"","overlay-opacity":"","overlay-gradient":""},"mobile":{"background-color":"var(--ast-global-color-5)","background-image":"","background-repeat":"repeat","background-position":"center center","background-size":"auto","background-attachment":"scroll","background-type":"","background-media":"","overlay-type":"","overlay-color":"","overlay-opacity":"","overlay-gradient":""}},"_joinchat":[]},"product_cat":[76],"product_tag":[],"class_list":{"0":"post-4244","1":"product","2":"type-product","3":"status-publish","4":"has-post-thumbnail","6":"product_cat-tienda","7":"desktop-align-left","8":"tablet-align-left","9":"mobile-align-left","10":"ast-product-gallery-layout-horizontal-slider","11":"ast-product-gallery-with-no-image","12":"ast-product-tabs-layout-horizontal","14":"first","15":"outofstock","16":"shipping-taxable","17":"purchasable","18":"product-type-simple"},"_links":{"self":[{"href":"https:\/\/citricopeluqueria.com\/index.php?rest_route=\/wp\/v2\/product\/4244","targetHints":{"allow":["GET"]}}],"collection":[{"href":"https:\/\/citricopeluqueria.com\/index.php?rest_route=\/wp\/v2\/product"}],"about":[{"href":"https:\/\/citricopeluqueria.com\/index.php?rest_route=\/wp\/v2\/types\/product"}],"wp:featuredmedia":[{"embeddable":true,"href":"https:\/\/citricopeluqueria.com\/index.php?rest_route=\/wp\/v2\/media\/4236"}],"wp:attachment":[{"href":"https:\/\/citricopeluqueria.com\/index.php?rest_route=%2Fwp%2Fv2%2Fmedia&parent=4244"}],"wp:term":[{"taxonomy":"product_cat","embeddable":true,"href":"https:\/\/citricopeluqueria.com\/index.php?rest_route=%2Fwp%2Fv2%2Fproduct_cat&post=4244"},{"taxonomy":"product_tag","embeddable":true,"href":"https:\/\/citricopeluqueria.com\/index.php?rest_route=%2Fwp%2Fv2%2Fproduct_tag&post=4244"}],"curies":[{"name":"wp","href":"https:\/\/api.w.org\/{rel}","templated":true}]}}