{"id":4108,"date":"2025-08-13T23:48:04","date_gmt":"2025-08-13T23:48:04","guid":{"rendered":"https:\/\/citricopeluqueria.com\/?post_type=product&#038;p=4108"},"modified":"2025-08-22T13:30:09","modified_gmt":"2025-08-22T13:30:09","slug":"sow-combo-1-vitamin-hair","status":"publish","type":"product","link":"https:\/\/citricopeluqueria.com\/?product=sow-combo-1-vitamin-hair","title":{"rendered":"SOW COMBO 1 &#8211; VITAMIN HAIR"},"content":{"rendered":"<p class=\"p1\"><b>\ud83d\udc86\u200d\u2640\ufe0f Vitamin Hair by SOW \u2013 Fuerza y Vitalidad para tu cabello<\/b><b><\/b><\/p>\n<p class=\"p2\">Un tratamiento integral para <span class=\"s1\"><b>revitalizar, fortalecer y regenerar<\/b><\/span> tu melena desde la ra\u00edz hasta las puntas:<\/p>\n<ul>\n<li>\n<p class=\"p1\"><span class=\"s1\"><b>Diagn\u00f3stico capilar<\/b><\/span> para conocer las necesidades de tu cabello.<\/p>\n<\/li>\n<li>\n<p class=\"p1\"><span class=\"s1\"><b>Lavado espec\u00edfico<\/b><\/span> seg\u00fan tu tipo de fibra.<\/p>\n<\/li>\n<li>\n<p class=\"p1\"><span class=\"s1\"><b>M\u00e1scara nutritiva<\/b><\/span> + <span class=\"s1\"><b>Leave-in<\/b><\/span> estimulador y fortalecedor.<\/p>\n<\/li>\n<li>\n<p class=\"p1\"><span class=\"s1\"><b>S\u00e9rum regenerador<\/b><\/span> para sellar y proteger la fibra capilar.<\/p>\n<\/li>\n<li>\n<p class=\"p1\"><span class=\"s1\"><b>Peinado final<\/b><\/span> (ondas suaves o lacio perfecto).<\/p>\n<\/li>\n<\/ul>\n<p class=\"p2\">\u2728 Ideal para devolverle brillo, suavidad y resistencia a tu cabello en una sola sesi\u00f3n.<\/p>\n<p class=\"p2\">\ud83d\udc96 <span class=\"s1\"><b>Vitamin Hair<\/b><\/span>: porque un pelo sano es un pelo hermoso.<\/p>\n<p class=\"p2\">\ud83d\udc96 \u00a1Reserv\u00e1 tu Beauty Time y hac\u00e9 de tu cuidado personal un recuerdo inolvidable!<\/p>\n<p>&nbsp;<\/p>\n","protected":false},"excerpt":{"rendered":"<p>\ud83d\udc86\u200d\u2640\ufe0f Vitamin Hair by SOW \u2013 Fuerza y Vitalidad para tu cabello Un tratamiento integral para revitalizar, fortalecer y regenerar tu melena desde la ra\u00edz hasta las puntas: Diagn\u00f3stico capilar para conocer las necesidades de tu cabello. Lavado espec\u00edfico seg\u00fan tu tipo de fibra. M\u00e1scara nutritiva + Leave-in estimulador y fortalecedor. S\u00e9rum regenerador para sellar [&hellip;]<\/p>\n","protected":false},"featured_media":4184,"template":"","meta":{"site-sidebar-layout":"default","site-content-layout":"default","ast-site-content-layout":"default","site-content-style":"default","site-sidebar-style":"default","ast-global-header-display":"","ast-banner-title-visibility":"","ast-main-header-display":"","ast-hfb-above-header-display":"","ast-hfb-below-header-display":"","ast-hfb-mobile-header-display":"","site-post-title":"","ast-breadcrumbs-content":"","ast-featured-img":"","footer-sml-layout":"","theme-transparent-header-meta":"default","adv-header-id-meta":"","stick-header-meta":"","header-above-stick-meta":"","header-main-stick-meta":"","header-below-stick-meta":"","astra-migrate-meta-layouts":"set","ast-page-background-enabled":"default","ast-page-background-meta":{"desktop":{"background-color":"","background-image":"","background-repeat":"repeat","background-position":"center center","background-size":"auto","background-attachment":"scroll","background-type":"","background-media":"","overlay-type":"","overlay-color":"","overlay-opacity":"","overlay-gradient":""},"tablet":{"background-color":"","background-image":"","background-repeat":"repeat","background-position":"center center","background-size":"auto","background-attachment":"scroll","background-type":"","background-media":"","overlay-type":"","overlay-color":"","overlay-opacity":"","overlay-gradient":""},"mobile":{"background-color":"","background-image":"","background-repeat":"repeat","background-position":"center center","background-size":"auto","background-attachment":"scroll","background-type":"","background-media":"","overlay-type":"","overlay-color":"","overlay-opacity":"","overlay-gradient":""}},"ast-content-background-meta":{"desktop":{"background-color":"var(--ast-global-color-5)","background-image":"","background-repeat":"repeat","background-position":"center center","background-size":"auto","background-attachment":"scroll","background-type":"","background-media":"","overlay-type":"","overlay-color":"","overlay-opacity":"","overlay-gradient":""},"tablet":{"background-color":"var(--ast-global-color-5)","background-image":"","background-repeat":"repeat","background-position":"center center","background-size":"auto","background-attachment":"scroll","background-type":"","background-media":"","overlay-type":"","overlay-color":"","overlay-opacity":"","overlay-gradient":""},"mobile":{"background-color":"var(--ast-global-color-5)","background-image":"","background-repeat":"repeat","background-position":"center center","background-size":"auto","background-attachment":"scroll","background-type":"","background-media":"","overlay-type":"","overlay-color":"","overlay-opacity":"","overlay-gradient":""}},"_joinchat":[]},"product_cat":[76],"product_tag":[],"class_list":{"0":"post-4108","1":"product","2":"type-product","3":"status-publish","4":"has-post-thumbnail","6":"product_cat-tienda","7":"desktop-align-left","8":"tablet-align-left","9":"mobile-align-left","10":"ast-product-gallery-layout-horizontal-slider","11":"ast-product-tabs-layout-horizontal","13":"first","14":"instock","15":"shipping-taxable","16":"purchasable","17":"product-type-simple"},"_links":{"self":[{"href":"https:\/\/citricopeluqueria.com\/index.php?rest_route=\/wp\/v2\/product\/4108","targetHints":{"allow":["GET"]}}],"collection":[{"href":"https:\/\/citricopeluqueria.com\/index.php?rest_route=\/wp\/v2\/product"}],"about":[{"href":"https:\/\/citricopeluqueria.com\/index.php?rest_route=\/wp\/v2\/types\/product"}],"wp:featuredmedia":[{"embeddable":true,"href":"https:\/\/citricopeluqueria.com\/index.php?rest_route=\/wp\/v2\/media\/4184"}],"wp:attachment":[{"href":"https:\/\/citricopeluqueria.com\/index.php?rest_route=%2Fwp%2Fv2%2Fmedia&parent=4108"}],"wp:term":[{"taxonomy":"product_cat","embeddable":true,"href":"https:\/\/citricopeluqueria.com\/index.php?rest_route=%2Fwp%2Fv2%2Fproduct_cat&post=4108"},{"taxonomy":"product_tag","embeddable":true,"href":"https:\/\/citricopeluqueria.com\/index.php?rest_route=%2Fwp%2Fv2%2Fproduct_tag&post=4108"}],"curies":[{"name":"wp","href":"https:\/\/api.w.org\/{rel}","templated":true}]}}