{"id":4106,"date":"2025-08-13T23:44:33","date_gmt":"2025-08-13T23:44:33","guid":{"rendered":"https:\/\/citricopeluqueria.com\/?post_type=product&#038;p=4106"},"modified":"2025-08-14T00:05:03","modified_gmt":"2025-08-14T00:05:03","slug":"beauty-time","status":"publish","type":"product","link":"https:\/\/citricopeluqueria.com\/?product=beauty-time","title":{"rendered":"BEAUTY TIME"},"content":{"rendered":"<p class=\"p1\"><b>\u2728 Beauty Time: un momento \u00fanico para mimarte \u2728<\/b><b><\/b><\/p>\n<p class=\"p2\">Viv\u00ed una experiencia pensada para vos:<\/p>\n<ul>\n<li>\n<p class=\"p1\"><span class=\"s1\"><b>Combo de belleza<\/b><\/span> personalizado, elegido por cada clientx.<\/p>\n<\/li>\n<li>\n<p class=\"p1\"><span class=\"s1\"><b>Merienda para dos<\/b><\/span>, para disfrutar mientras te cuid\u00e1s.<\/p>\n<\/li>\n<li>\n<p class=\"p1\"><span class=\"s1\"><b>Sesi\u00f3n de fotos<\/b><\/span> para inmortalizar tu nuevo look y este momento especial.<\/p>\n<\/li>\n<\/ul>\n<p class=\"p2\">Un espacio donde la est\u00e9tica, el relax y la diversi\u00f3n se combinan para que te sientas incre\u00edble.<\/p>\n<p class=\"p2\">\ud83d\udc96 \u00a1Reserv\u00e1 tu Beauty Time y hac\u00e9 de tu cuidado personal un recuerdo inolvidable!<\/p>\n<p>&nbsp;<\/p>\n","protected":false},"excerpt":{"rendered":"<p>\u2728 Beauty Time: un momento \u00fanico para mimarte \u2728 Viv\u00ed una experiencia pensada para vos: Combo de belleza personalizado, elegido por cada clientx. Merienda para dos, para disfrutar mientras te cuid\u00e1s. Sesi\u00f3n de fotos para inmortalizar tu nuevo look y este momento especial. Un espacio donde la est\u00e9tica, el relax y la diversi\u00f3n se combinan [&hellip;]<\/p>\n","protected":false},"featured_media":4107,"template":"","meta":{"site-sidebar-layout":"default","site-content-layout":"default","ast-site-content-layout":"default","site-content-style":"default","site-sidebar-style":"default","ast-global-header-display":"","ast-banner-title-visibility":"","ast-main-header-display":"","ast-hfb-above-header-display":"","ast-hfb-below-header-display":"","ast-hfb-mobile-header-display":"","site-post-title":"","ast-breadcrumbs-content":"","ast-featured-img":"","footer-sml-layout":"","theme-transparent-header-meta":"default","adv-header-id-meta":"","stick-header-meta":"","header-above-stick-meta":"","header-main-stick-meta":"","header-below-stick-meta":"","astra-migrate-meta-layouts":"set","ast-page-background-enabled":"default","ast-page-background-meta":{"desktop":{"background-color":"","background-image":"","background-repeat":"repeat","background-position":"center center","background-size":"auto","background-attachment":"scroll","background-type":"","background-media":"","overlay-type":"","overlay-color":"","overlay-opacity":"","overlay-gradient":""},"tablet":{"background-color":"","background-image":"","background-repeat":"repeat","background-position":"center center","background-size":"auto","background-attachment":"scroll","background-type":"","background-media":"","overlay-type":"","overlay-color":"","overlay-opacity":"","overlay-gradient":""},"mobile":{"background-color":"","background-image":"","background-repeat":"repeat","background-position":"center center","background-size":"auto","background-attachment":"scroll","background-type":"","background-media":"","overlay-type":"","overlay-color":"","overlay-opacity":"","overlay-gradient":""}},"ast-content-background-meta":{"desktop":{"background-color":"var(--ast-global-color-5)","background-image":"","background-repeat":"repeat","background-position":"center center","background-size":"auto","background-attachment":"scroll","background-type":"","background-media":"","overlay-type":"","overlay-color":"","overlay-opacity":"","overlay-gradient":""},"tablet":{"background-color":"var(--ast-global-color-5)","background-image":"","background-repeat":"repeat","background-position":"center center","background-size":"auto","background-attachment":"scroll","background-type":"","background-media":"","overlay-type":"","overlay-color":"","overlay-opacity":"","overlay-gradient":""},"mobile":{"background-color":"var(--ast-global-color-5)","background-image":"","background-repeat":"repeat","background-position":"center center","background-size":"auto","background-attachment":"scroll","background-type":"","background-media":"","overlay-type":"","overlay-color":"","overlay-opacity":"","overlay-gradient":""}},"_joinchat":[]},"product_cat":[76],"product_tag":[],"class_list":{"0":"post-4106","1":"product","2":"type-product","3":"status-publish","4":"has-post-thumbnail","6":"product_cat-tienda","7":"desktop-align-left","8":"tablet-align-left","9":"mobile-align-left","10":"ast-product-gallery-layout-horizontal-slider","11":"ast-product-gallery-with-no-image","12":"ast-product-tabs-layout-horizontal","14":"first","15":"instock","16":"shipping-taxable","17":"product-type-simple"},"_links":{"self":[{"href":"https:\/\/citricopeluqueria.com\/index.php?rest_route=\/wp\/v2\/product\/4106","targetHints":{"allow":["GET"]}}],"collection":[{"href":"https:\/\/citricopeluqueria.com\/index.php?rest_route=\/wp\/v2\/product"}],"about":[{"href":"https:\/\/citricopeluqueria.com\/index.php?rest_route=\/wp\/v2\/types\/product"}],"wp:featuredmedia":[{"embeddable":true,"href":"https:\/\/citricopeluqueria.com\/index.php?rest_route=\/wp\/v2\/media\/4107"}],"wp:attachment":[{"href":"https:\/\/citricopeluqueria.com\/index.php?rest_route=%2Fwp%2Fv2%2Fmedia&parent=4106"}],"wp:term":[{"taxonomy":"product_cat","embeddable":true,"href":"https:\/\/citricopeluqueria.com\/index.php?rest_route=%2Fwp%2Fv2%2Fproduct_cat&post=4106"},{"taxonomy":"product_tag","embeddable":true,"href":"https:\/\/citricopeluqueria.com\/index.php?rest_route=%2Fwp%2Fv2%2Fproduct_tag&post=4106"}],"curies":[{"name":"wp","href":"https:\/\/api.w.org\/{rel}","templated":true}]}}