{"id":3648,"date":"2025-01-09T22:00:30","date_gmt":"2025-01-09T22:00:30","guid":{"rendered":"https:\/\/citricopeluqueria.com\/?post_type=product&#038;p=3648"},"modified":"2025-02-16T16:09:49","modified_gmt":"2025-02-16T16:09:49","slug":"lavado-nutricion-peinado-ondas-o-lacio","status":"publish","type":"product","link":"https:\/\/citricopeluqueria.com\/?product=lavado-nutricion-peinado-ondas-o-lacio","title":{"rendered":"LAVADO + AMPOLLA REESTRUCTURANTE + CORTE + PEINADO (ONDAS O LACIO)."},"content":{"rendered":"<p>\ud83d\udc87\u200d\u2640\ufe0f LAVADO + AMPOLLA REESTRUCTURANTE + CORTE + PEINADO (ONDAS O LACIO) \ud83d\udc87\u200d\u2640\ufe0f<br \/>\n\u00a1Dale a tu cabello el cuidado que se merece! Esta promo incluye lavado, tratamiento de nutrici\u00f3n,\u00a0 corte y peinado a elecci\u00f3n (ondas o lacio).<\/p>\n<p>\ud83d\udcb5 <strong>Promoci\u00f3n exclusiva abonando en efectivo.<\/strong><br \/>\n\ud83d\udcc5 <strong>V\u00e1lida hasta el 8 de febrero de 2025.<\/strong><\/p>\n<p>\ud83c\udf81 <strong>Beneficio extra<\/strong>: Con la compra de este cup\u00f3n, obten\u00e9 un **10% de descuento** en el gym **HABITUS GYM &amp; FITNESS** para que te sientas y te veas incre\u00edble por dentro y por fuera.<\/p>\n<p>\u00a1No te lo pierdas! \ud83d\udcab<\/p>\n","protected":false},"excerpt":{"rendered":"<p>\ud83d\udc87\u200d\u2640\ufe0f LAVADO + AMPOLLA REESTRUCTURANTE + CORTE + PEINADO (ONDAS O LACIO) \ud83d\udc87\u200d\u2640\ufe0f \u00a1Dale a tu cabello el cuidado que se merece! Esta promo incluye lavado, tratamiento de nutrici\u00f3n,\u00a0 corte y peinado a elecci\u00f3n (ondas o lacio). \ud83d\udcb5 Promoci\u00f3n exclusiva abonando en efectivo. \ud83d\udcc5 V\u00e1lida hasta el 8 de febrero de 2025. \ud83c\udf81 Beneficio extra: [&hellip;]<\/p>\n","protected":false},"featured_media":3672,"template":"","meta":{"site-sidebar-layout":"default","site-content-layout":"default","ast-site-content-layout":"default","site-content-style":"default","site-sidebar-style":"default","ast-global-header-display":"","ast-banner-title-visibility":"","ast-main-header-display":"","ast-hfb-above-header-display":"","ast-hfb-below-header-display":"","ast-hfb-mobile-header-display":"","site-post-title":"","ast-breadcrumbs-content":"","ast-featured-img":"","footer-sml-layout":"","theme-transparent-header-meta":"default","adv-header-id-meta":"","stick-header-meta":"","header-above-stick-meta":"","header-main-stick-meta":"","header-below-stick-meta":"","astra-migrate-meta-layouts":"set","ast-page-background-enabled":"default","ast-page-background-meta":{"desktop":{"background-color":"","background-image":"","background-repeat":"repeat","background-position":"center center","background-size":"auto","background-attachment":"scroll","background-type":"","background-media":"","overlay-type":"","overlay-color":"","overlay-opacity":"","overlay-gradient":""},"tablet":{"background-color":"","background-image":"","background-repeat":"repeat","background-position":"center center","background-size":"auto","background-attachment":"scroll","background-type":"","background-media":"","overlay-type":"","overlay-color":"","overlay-opacity":"","overlay-gradient":""},"mobile":{"background-color":"","background-image":"","background-repeat":"repeat","background-position":"center center","background-size":"auto","background-attachment":"scroll","background-type":"","background-media":"","overlay-type":"","overlay-color":"","overlay-opacity":"","overlay-gradient":""}},"ast-content-background-meta":{"desktop":{"background-color":"var(--ast-global-color-5)","background-image":"","background-repeat":"repeat","background-position":"center center","background-size":"auto","background-attachment":"scroll","background-type":"","background-media":"","overlay-type":"","overlay-color":"","overlay-opacity":"","overlay-gradient":""},"tablet":{"background-color":"var(--ast-global-color-5)","background-image":"","background-repeat":"repeat","background-position":"center center","background-size":"auto","background-attachment":"scroll","background-type":"","background-media":"","overlay-type":"","overlay-color":"","overlay-opacity":"","overlay-gradient":""},"mobile":{"background-color":"var(--ast-global-color-5)","background-image":"","background-repeat":"repeat","background-position":"center center","background-size":"auto","background-attachment":"scroll","background-type":"","background-media":"","overlay-type":"","overlay-color":"","overlay-opacity":"","overlay-gradient":""}},"_joinchat":[]},"product_cat":[76],"product_tag":[],"class_list":{"0":"post-3648","1":"product","2":"type-product","3":"status-publish","4":"has-post-thumbnail","6":"product_cat-tienda","7":"desktop-align-left","8":"tablet-align-left","9":"mobile-align-left","10":"ast-product-gallery-layout-horizontal-slider","11":"ast-product-tabs-layout-horizontal","13":"first","14":"outofstock","15":"shipping-taxable","16":"purchasable","17":"product-type-simple"},"_links":{"self":[{"href":"https:\/\/citricopeluqueria.com\/index.php?rest_route=\/wp\/v2\/product\/3648","targetHints":{"allow":["GET"]}}],"collection":[{"href":"https:\/\/citricopeluqueria.com\/index.php?rest_route=\/wp\/v2\/product"}],"about":[{"href":"https:\/\/citricopeluqueria.com\/index.php?rest_route=\/wp\/v2\/types\/product"}],"wp:featuredmedia":[{"embeddable":true,"href":"https:\/\/citricopeluqueria.com\/index.php?rest_route=\/wp\/v2\/media\/3672"}],"wp:attachment":[{"href":"https:\/\/citricopeluqueria.com\/index.php?rest_route=%2Fwp%2Fv2%2Fmedia&parent=3648"}],"wp:term":[{"taxonomy":"product_cat","embeddable":true,"href":"https:\/\/citricopeluqueria.com\/index.php?rest_route=%2Fwp%2Fv2%2Fproduct_cat&post=3648"},{"taxonomy":"product_tag","embeddable":true,"href":"https:\/\/citricopeluqueria.com\/index.php?rest_route=%2Fwp%2Fv2%2Fproduct_tag&post=3648"}],"curies":[{"name":"wp","href":"https:\/\/api.w.org\/{rel}","templated":true}]}}