{"id":3545,"date":"2024-07-25T20:49:57","date_gmt":"2024-07-25T20:49:57","guid":{"rendered":"https:\/\/citricopeluqueria.com\/?post_type=product&#038;p=3545"},"modified":"2024-07-26T20:59:05","modified_gmt":"2024-07-26T20:59:05","slug":"micropigmentacion-de-cejas-velvet-brows","status":"publish","type":"product","link":"https:\/\/citricopeluqueria.com\/?product=micropigmentacion-de-cejas-velvet-brows","title":{"rendered":"Micropigmentaci\u00f3n de cejas &#8220;VELVET BROWS&#8221;"},"content":{"rendered":"","protected":false},"excerpt":{"rendered":"<p>\u2b50Inicia tu carrera profesional de Maquillaje Semi Permanente (PMU)\u2b50<\/p>\n<p>\u2728El curso intensivo de Micropigmentacion de cejas &#8220;VELVET BROWS&#8221; es una excelente oportunidad para aquellas personas que desean aprender desde cero, o mejorar sus t\u00e9cnicas de manera simple, con un paso a paso muy f\u00e1cil de seguir.<br \/>\n\u203a \ud83d\udc49\ud83c\udffbEste curso te proporcionar\u00e1 los conocimientos necesarios para realizar T\u00e9cnicas Avanzadas en la micropigmentaci\u00f3n de cejas, de tal manera que puedas lograr un resultado natural y est\u00e9tico en cada una de tus aplicaciones.<\/p>\n<p>\u2728Durante el curso aprender\u00e1s:<br \/>\n1. Dise\u00f1o desde cero!<br \/>\n2. Tipos y estructura de la piel.<br \/>\n3. Colorimetr\u00eda aplicada.<br \/>\n4. Tipos de agujas.<br \/>\n5. T\u00e9cnicas de implantaci\u00f3n.<br \/>\n6. Higiene y Bioseguridad.<br \/>\n7. Fotograf\u00eda y marketing.<\/p>\n<p>\u2728Adem\u00e1s, te proporcionar\u00e1 las herramientas necesarias para trabajar de manera independiente, podr\u00e1s disponer de tus horarios.<\/p>\n<p>\ud83d\udc49\ud83c\udffbQue incluye?<br \/>\n* Te\u00f3rico \/ Pr\u00e1ctico.<br \/>\n* Caja personalizada.<br \/>\n* Materiales para la pr\u00e1ctica durante el curso.<br \/>\n* Coffee Break.<br \/>\n* Gu\u00eda Te\u00f3rica + Cuadernillo para apuntes.<br \/>\n* Pr\u00e1ctica en modelo supervisada.<br \/>\n* Soporte online post curso ILIMITADO.<br \/>\n* Certificado.<br \/>\n.<br \/>\n\ud83d\udc49\ud83c\udffbSer\u00e1n 2 d\u00edas intensivos con seguimiento 100% personalizado!<br \/>\n.<br \/>\n\u2728Est\u00e1s lista\/o para convertirte en un profesional en el \u00e1rea de micropigmentaci\u00f3n y lograr tu independencia financiera?<br \/>\n.<br \/>\nCITRICO EDUCATIVO \ud83d\udc9a<\/p>\n<div class=\"group\/conversation-turn relative flex w-full min-w-0 flex-col agent-turn\">\n<div class=\"flex-col gap-1 md:gap-3\">\n<div class=\"flex flex-grow flex-col max-w-full\">\n<div class=\"min-h-[20px] text-message flex flex-col items-start whitespace-pre-wrap break-words [.text-message+&amp;]:mt-5 juice:w-full juice:items-end overflow-x-auto gap-3\" dir=\"auto\" data-message-author-role=\"assistant\" data-message-id=\"4bfff0a1-b74b-47ed-bd12-7def4e603182\">\n<div class=\"markdown prose w-full break-words dark:prose-invert light\">\n<p>&nbsp;<\/p>\n<\/div>\n<p><a href=\"https:\/\/wa.link\/2frzzv\" target=\"_blank\" rel=\"noopener\"><img decoding=\"async\" class=\"alignnone wp-image-3100\" src=\"https:\/\/citricopeluqueria.com\/wp-content\/uploads\/2023\/06\/Agregar-un-subtitulo-3-300x120.png\" alt=\"\" width=\"175\" height=\"70\" srcset=\"https:\/\/citricopeluqueria.com\/wp-content\/uploads\/2023\/06\/Agregar-un-subtitulo-3-300x120.png 300w, https:\/\/citricopeluqueria.com\/wp-content\/uploads\/2023\/06\/Agregar-un-subtitulo-3-250x100.png 250w, https:\/\/citricopeluqueria.com\/wp-content\/uploads\/2023\/06\/Agregar-un-subtitulo-3.png 500w\" sizes=\"(max-width: 175px) 100vw, 175px\" \/><\/a><\/p>\n<\/div>\n<\/div>\n<\/div>\n<\/div>\n","protected":false},"featured_media":3551,"template":"","meta":{"site-sidebar-layout":"default","site-content-layout":"default","ast-site-content-layout":"","site-content-style":"default","site-sidebar-style":"default","ast-global-header-display":"","ast-banner-title-visibility":"","ast-main-header-display":"","ast-hfb-above-header-display":"","ast-hfb-below-header-display":"","ast-hfb-mobile-header-display":"","site-post-title":"","ast-breadcrumbs-content":"","ast-featured-img":"","footer-sml-layout":"","theme-transparent-header-meta":"default","adv-header-id-meta":"","stick-header-meta":"","header-above-stick-meta":"","header-main-stick-meta":"","header-below-stick-meta":"","astra-migrate-meta-layouts":"default","ast-page-background-enabled":"default","ast-page-background-meta":{"desktop":{"background-color":"","background-image":"","background-repeat":"repeat","background-position":"center center","background-size":"auto","background-attachment":"scroll","background-type":"","background-media":"","overlay-type":"","overlay-color":"","overlay-opacity":"","overlay-gradient":""},"tablet":{"background-color":"","background-image":"","background-repeat":"repeat","background-position":"center center","background-size":"auto","background-attachment":"scroll","background-type":"","background-media":"","overlay-type":"","overlay-color":"","overlay-opacity":"","overlay-gradient":""},"mobile":{"background-color":"","background-image":"","background-repeat":"repeat","background-position":"center center","background-size":"auto","background-attachment":"scroll","background-type":"","background-media":"","overlay-type":"","overlay-color":"","overlay-opacity":"","overlay-gradient":""}},"ast-content-background-meta":{"desktop":{"background-color":"var(--ast-global-color-5)","background-image":"","background-repeat":"repeat","background-position":"center center","background-size":"auto","background-attachment":"scroll","background-type":"","background-media":"","overlay-type":"","overlay-color":"","overlay-opacity":"","overlay-gradient":""},"tablet":{"background-color":"var(--ast-global-color-5)","background-image":"","background-repeat":"repeat","background-position":"center center","background-size":"auto","background-attachment":"scroll","background-type":"","background-media":"","overlay-type":"","overlay-color":"","overlay-opacity":"","overlay-gradient":""},"mobile":{"background-color":"var(--ast-global-color-5)","background-image":"","background-repeat":"repeat","background-position":"center center","background-size":"auto","background-attachment":"scroll","background-type":"","background-media":"","overlay-type":"","overlay-color":"","overlay-opacity":"","overlay-gradient":""}},"_joinchat":[]},"product_cat":[76],"product_tag":[],"class_list":{"0":"post-3545","1":"product","2":"type-product","3":"status-publish","4":"has-post-thumbnail","6":"product_cat-tienda","7":"desktop-align-left","8":"tablet-align-left","9":"mobile-align-left","10":"ast-product-gallery-layout-horizontal-slider","11":"ast-product-tabs-layout-horizontal","13":"first","14":"instock","15":"shipping-taxable","16":"product-type-simple"},"_links":{"self":[{"href":"https:\/\/citricopeluqueria.com\/index.php?rest_route=\/wp\/v2\/product\/3545","targetHints":{"allow":["GET"]}}],"collection":[{"href":"https:\/\/citricopeluqueria.com\/index.php?rest_route=\/wp\/v2\/product"}],"about":[{"href":"https:\/\/citricopeluqueria.com\/index.php?rest_route=\/wp\/v2\/types\/product"}],"wp:featuredmedia":[{"embeddable":true,"href":"https:\/\/citricopeluqueria.com\/index.php?rest_route=\/wp\/v2\/media\/3551"}],"wp:attachment":[{"href":"https:\/\/citricopeluqueria.com\/index.php?rest_route=%2Fwp%2Fv2%2Fmedia&parent=3545"}],"wp:term":[{"taxonomy":"product_cat","embeddable":true,"href":"https:\/\/citricopeluqueria.com\/index.php?rest_route=%2Fwp%2Fv2%2Fproduct_cat&post=3545"},{"taxonomy":"product_tag","embeddable":true,"href":"https:\/\/citricopeluqueria.com\/index.php?rest_route=%2Fwp%2Fv2%2Fproduct_tag&post=3545"}],"curies":[{"name":"wp","href":"https:\/\/api.w.org\/{rel}","templated":true}]}}