{"id":3037,"date":"2023-06-09T22:20:14","date_gmt":"2023-06-09T22:20:14","guid":{"rendered":"https:\/\/citricopeluqueria.com\/?post_type=product&#038;p=3037"},"modified":"2023-06-10T18:08:31","modified_gmt":"2023-06-10T18:08:31","slug":"masterclass-de-barberia","status":"publish","type":"product","link":"https:\/\/citricopeluqueria.com\/?product=masterclass-de-barberia","title":{"rendered":"Masterclass de Barber\u00eda"},"content":{"rendered":"<p><strong>Temario: (Actualizaci\u00f3n permanente aplicada a todos los g\u00e9neros)<\/strong><\/p>\n<p>1- T\u00e9cnicas avanzadas de corte de cabello masculino:<\/p>\n<ul>\n<li>Corte cl\u00e1sico y moderno.<\/li>\n<li>Degradados y fades.<\/li>\n<li>Corte a tijera y a navaja.<\/li>\n<li>T\u00e9cnicas de texturizaci\u00f3n.<\/li>\n<\/ul>\n<p>2- Estilismo y peinado masculino:<\/p>\n<ul>\n<li>Peinados cl\u00e1sicos y contempor\u00e1neos.<\/li>\n<li>Creaci\u00f3n de estilos personalizados.<\/li>\n<li>Uso de productos de styling.<\/li>\n<\/ul>\n<p>3- Barber\u00eda tradicional y afeitado:<\/p>\n<ul>\n<li>T\u00e9cnicas de afeitado cl\u00e1sico.<\/li>\n<li>Arreglo de barba y bigote<\/li>\n<\/ul>\n<p>4- Tendencias en cortes y estilos masculinos:<\/p>\n<ul>\n<li>Estilos de vanguardia y de moda.<\/li>\n<li>Adaptaci\u00f3n de tendencias a diferentes tipos de cabello.<\/li>\n<\/ul>\n<p>5- Dise\u00f1o y cuidado de barba:<\/p>\n<ul>\n<li>Formas y estilos de barba.<\/li>\n<li>Recorte y mantenimiento de barba.<\/li>\n<li>Productos para el cuidado de la barba.<\/li>\n<\/ul>\n<p>6- Ritual de barba.<\/p>\n<p><strong>Modalidad: <\/strong><span style=\"color: #5c5c5c;\">Presencial.<\/span><\/p>\n<p><strong>Materiales:\u00a0<\/strong><\/p>\n<p>Traer materiales personales<\/p>\n<p>(EN CASO FALTANTE, LA ESCUELA PROVEER\u00c1 MATERIALES).<\/p>\n<p><strong>Duraci\u00f3n del curso:\u00a0<\/strong>4 horas<\/p>\n<p><strong>Lugar: <\/strong><span style=\"color: #5c5c5c;\">Espacio C\u00edtrico Educativo (Av. Fuerza A\u00e9rea 1719, Barrio Parque Capital).<\/span><\/p>\n<p><strong>Dirigido:\u00a0<\/strong>Profesionales o Estudiantes del rubro.<\/p>\n<p><strong>Instructores:\u00a0<\/strong>Francisco Geysels<\/p>\n<p><strong>Certificaci\u00f3n: <\/strong><span style=\"color: #5c5c5c;\">Todos nuestros cursos incluyen certificado de asistencia.<\/span><\/p>\n","protected":false},"excerpt":{"rendered":"<p>Este curso intensivo est\u00e1 dise\u00f1ado para llevar tus habilidades de barber\u00eda al siguiente nivel.<\/p>\n<p>Aprender\u00e1s t\u00e9cnicas avanzadas de corte, estilismo y cuidado del cabello masculino, junto con las \u00faltimas tendencias en moda y estilos. Nuestro enfoque amigable y accesible te brindar\u00e1 un ambiente de aprendizaje inspirador y colaborativo, donde podr\u00e1s practicar y recibir retroalimentaci\u00f3n personalizada.<\/p>\n<p>\u00danete a nosotros y convi\u00e9rtete en un maestro de la barber\u00eda, dejando una impresi\u00f3n duradera en tus clientes y destacando en esta apasionante industria.<\/p>\n<p>&nbsp;<\/p>\n<p><a href=\"https:\/\/wa.link\/w2912t\" target=\"_blank\" rel=\"noopener\"><img decoding=\"async\" class=\"alignnone wp-image-3100\" src=\"https:\/\/citricopeluqueria.com\/wp-content\/uploads\/2023\/06\/Agregar-un-subtitulo-3-300x120.png\" alt=\"\" width=\"175\" height=\"70\" srcset=\"https:\/\/citricopeluqueria.com\/wp-content\/uploads\/2023\/06\/Agregar-un-subtitulo-3-300x120.png 300w, https:\/\/citricopeluqueria.com\/wp-content\/uploads\/2023\/06\/Agregar-un-subtitulo-3-250x100.png 250w, https:\/\/citricopeluqueria.com\/wp-content\/uploads\/2023\/06\/Agregar-un-subtitulo-3.png 500w\" sizes=\"(max-width: 175px) 100vw, 175px\" \/><\/a><\/p>\n","protected":false},"featured_media":3038,"template":"","meta":{"site-sidebar-layout":"default","site-content-layout":"default","ast-site-content-layout":"","site-content-style":"default","site-sidebar-style":"default","ast-global-header-display":"","ast-banner-title-visibility":"","ast-main-header-display":"","ast-hfb-above-header-display":"","ast-hfb-below-header-display":"","ast-hfb-mobile-header-display":"","site-post-title":"","ast-breadcrumbs-content":"","ast-featured-img":"","footer-sml-layout":"","theme-transparent-header-meta":"default","adv-header-id-meta":"","stick-header-meta":"","header-above-stick-meta":"","header-main-stick-meta":"","header-below-stick-meta":"","astra-migrate-meta-layouts":"default","ast-page-background-enabled":"default","ast-page-background-meta":{"desktop":{"background-color":"","background-image":"","background-repeat":"repeat","background-position":"center center","background-size":"auto","background-attachment":"scroll","background-type":"","background-media":"","overlay-type":"","overlay-color":"","overlay-opacity":"","overlay-gradient":""},"tablet":{"background-color":"","background-image":"","background-repeat":"repeat","background-position":"center center","background-size":"auto","background-attachment":"scroll","background-type":"","background-media":"","overlay-type":"","overlay-color":"","overlay-opacity":"","overlay-gradient":""},"mobile":{"background-color":"","background-image":"","background-repeat":"repeat","background-position":"center center","background-size":"auto","background-attachment":"scroll","background-type":"","background-media":"","overlay-type":"","overlay-color":"","overlay-opacity":"","overlay-gradient":""}},"ast-content-background-meta":{"desktop":{"background-color":"var(--ast-global-color-5)","background-image":"","background-repeat":"repeat","background-position":"center center","background-size":"auto","background-attachment":"scroll","background-type":"","background-media":"","overlay-type":"","overlay-color":"","overlay-opacity":"","overlay-gradient":""},"tablet":{"background-color":"var(--ast-global-color-5)","background-image":"","background-repeat":"repeat","background-position":"center center","background-size":"auto","background-attachment":"scroll","background-type":"","background-media":"","overlay-type":"","overlay-color":"","overlay-opacity":"","overlay-gradient":""},"mobile":{"background-color":"var(--ast-global-color-5)","background-image":"","background-repeat":"repeat","background-position":"center center","background-size":"auto","background-attachment":"scroll","background-type":"","background-media":"","overlay-type":"","overlay-color":"","overlay-opacity":"","overlay-gradient":""}},"_joinchat":[]},"product_cat":[70,71],"product_tag":[],"class_list":{"0":"post-3037","1":"product","2":"type-product","3":"status-publish","4":"has-post-thumbnail","6":"product_cat-cursos","7":"product_cat-masculino","8":"desktop-align-left","9":"tablet-align-left","10":"mobile-align-left","11":"ast-product-gallery-layout-horizontal-slider","12":"ast-product-gallery-with-no-image","13":"ast-product-tabs-layout-horizontal","15":"first","16":"instock","17":"shipping-taxable","18":"product-type-simple"},"_links":{"self":[{"href":"https:\/\/citricopeluqueria.com\/index.php?rest_route=\/wp\/v2\/product\/3037","targetHints":{"allow":["GET"]}}],"collection":[{"href":"https:\/\/citricopeluqueria.com\/index.php?rest_route=\/wp\/v2\/product"}],"about":[{"href":"https:\/\/citricopeluqueria.com\/index.php?rest_route=\/wp\/v2\/types\/product"}],"wp:featuredmedia":[{"embeddable":true,"href":"https:\/\/citricopeluqueria.com\/index.php?rest_route=\/wp\/v2\/media\/3038"}],"wp:attachment":[{"href":"https:\/\/citricopeluqueria.com\/index.php?rest_route=%2Fwp%2Fv2%2Fmedia&parent=3037"}],"wp:term":[{"taxonomy":"product_cat","embeddable":true,"href":"https:\/\/citricopeluqueria.com\/index.php?rest_route=%2Fwp%2Fv2%2Fproduct_cat&post=3037"},{"taxonomy":"product_tag","embeddable":true,"href":"https:\/\/citricopeluqueria.com\/index.php?rest_route=%2Fwp%2Fv2%2Fproduct_tag&post=3037"}],"curies":[{"name":"wp","href":"https:\/\/api.w.org\/{rel}","templated":true}]}}