{"id":3028,"date":"2023-06-09T21:09:19","date_gmt":"2023-06-09T21:09:19","guid":{"rendered":"https:\/\/citricopeluqueria.com\/?post_type=product&#038;p=3028"},"modified":"2023-06-10T18:11:27","modified_gmt":"2023-06-10T18:11:27","slug":"manicura-inicial","status":"publish","type":"product","link":"https:\/\/citricopeluqueria.com\/?product=manicura-inicial","title":{"rendered":"Manicura Inicial"},"content":{"rendered":"<p><strong>Temario: (Actualizaci\u00f3n permanente aplicada a todos los g\u00e9neros)<\/strong><\/p>\n<ul>\n<li><span style=\"color: #5c5c5c;\">Anatom\u00eda y morfolog\u00eda de la u\u00f1a<\/span><\/li>\n<li><span style=\"color: #5c5c5c;\">Patolog\u00edas y anomal\u00edas<\/span><\/li>\n<li><span style=\"color: #5c5c5c;\">Bioseguridad<\/span><\/li>\n<li><span style=\"color: #5c5c5c;\">Preparaci\u00f3n de la u\u00f1a<\/span><\/li>\n<li><span style=\"color: #5c5c5c;\">Manicur\u00eda tradicional<\/span><\/li>\n<li><span style=\"color: #5c5c5c;\">Esmaltado Semipermanente<\/span><\/li>\n<li><span style=\"color: #5c5c5c;\">Capping en gel<\/span><\/li>\n<li><span style=\"color: #5c5c5c;\">Esculpidas: Acr\u00edlico, Polygel, Gel de construcci\u00f3n, sistema dual y molde<\/span><\/li>\n<li><span style=\"color: #5c5c5c;\">Esculpidas Sistema Soft Gel<\/span><\/li>\n<li><span style=\"color: #5c5c5c;\">Como trabajar con u\u00f1as con onicofagia<\/span><\/li>\n<li><span style=\"color: #5c5c5c;\">Manejo del torno.<\/span><\/li>\n<li><span style=\"color: #5c5c5c;\">Remoci\u00f3n de los servicios.<\/span><\/li>\n<li><span style=\"color: #5c5c5c;\">Service de capping y esculpidas<\/span><\/li>\n<li><span style=\"color: #5c5c5c;\">Decoraci\u00f3n: M\u00e1rmol, encapsulado, joyer\u00eda, degrade, pigmentos, foils, entre otras.<\/span><\/li>\n<\/ul>\n<p><strong>Modalidad: <\/strong><span style=\"color: #5c5c5c;\">Presencial.<\/span><\/p>\n<p><strong>Materiales: <\/strong><span style=\"color: #5c5c5c;\">En la primera clase te diremos cuales son los materiales que ten\u00e9s que comprar.<\/span><\/p>\n<p><strong>Materiales personales:\u00a0<\/strong><\/p>\n<ul>\n<li><span style=\"color: #5c5c5c;\">Delineador l\u00edquido.<\/span><\/li>\n<li><span style=\"color: #5c5c5c;\">M\u00e1scara para pesta\u00f1as.<\/span><\/li>\n<\/ul>\n<p><strong>Duraci\u00f3n del curso: <\/strong><span style=\"color: #5c5c5c;\">5 m\u00f3dulos de 1mes cada uno, con clases semanales de 4 hs, te\u00f3ricas y practicas.<\/span><\/p>\n<p><strong>Lugar: <\/strong><span style=\"color: #5c5c5c;\">Espacio C\u00edtrico Educativo (Av. Fuerza A\u00e9rea 1719, Barrio Parque Capital).<\/span><\/p>\n<p><strong>Dirigido: <\/strong><span style=\"color: #5c5c5c;\">Todo p\u00fablico, sin necesidad de conocimiento previo.<\/span><\/p>\n<p><strong>Instructores: <\/strong><span style=\"color: #5c5c5c;\">Sofia Lopez<\/span><\/p>\n<p><strong>Certificaci\u00f3n: <\/strong><span style=\"color: #5c5c5c;\">Todos nuestros cursos incluyen certificado de asistencia.<\/span><\/p>\n","protected":false},"excerpt":{"rendered":"<p>\u00a1Bienvenido al Curso de Manicura: Explora el arte de embellecer las manos!<\/p>\n<p>En este curso amigable y pr\u00e1ctico, te sumergir\u00e1s en el fascinante mundo de la manicura. Aprender\u00e1s las t\u00e9cnicas profesionales para cuidar y embellecer las u\u00f1as, brindando un toque de elegancia a cada mano.<\/p>\n<p>Desde los conceptos b\u00e1sicos hasta los dise\u00f1os m\u00e1s creativos, te guiaremos paso a paso para que domines el arte de dar forma, limar, pulir y pintar las u\u00f1as de manera impecable. Descubrir\u00e1s c\u00f3mo utilizar diferentes esmaltes y productos de cuidado para obtener resultados sorprendentes.<\/p>\n<p>Adem\u00e1s, aprender\u00e1s sobre el cuidado de las cut\u00edculas, las t\u00e9cnicas de hidrataci\u00f3n y masaje de manos, y c\u00f3mo realizar un esmaltado duradero. Nuestro enfoque pr\u00e1ctico te brindar\u00e1 la confianza y las habilidades necesarias para consentir a tus clientes y dejar sus manos radiantes.<\/p>\n<p>\u00a1Prep\u00e1rate para un curso emocionante, donde la creatividad y la destreza se unen para lograr manicuras perfectas! No importa si eres principiante o tienes experiencia previa, nuestro objetivo es que te conviertas en un experto en el arte de la manicura. \u00a1Te esperamos con las manos abiertas!<\/p>\n<p>&nbsp;<\/p>\n<p><a href=\"https:\/\/wa.link\/w2912t\" target=\"_blank\" rel=\"noopener\"><img decoding=\"async\" class=\"alignnone wp-image-3100\" src=\"https:\/\/citricopeluqueria.com\/wp-content\/uploads\/2023\/06\/Agregar-un-subtitulo-3-300x120.png\" alt=\"\" width=\"175\" height=\"70\" srcset=\"https:\/\/citricopeluqueria.com\/wp-content\/uploads\/2023\/06\/Agregar-un-subtitulo-3-300x120.png 300w, https:\/\/citricopeluqueria.com\/wp-content\/uploads\/2023\/06\/Agregar-un-subtitulo-3-250x100.png 250w, https:\/\/citricopeluqueria.com\/wp-content\/uploads\/2023\/06\/Agregar-un-subtitulo-3.png 500w\" sizes=\"(max-width: 175px) 100vw, 175px\" \/><\/a><\/p>\n","protected":false},"featured_media":3031,"template":"","meta":{"site-sidebar-layout":"default","site-content-layout":"default","ast-site-content-layout":"","site-content-style":"default","site-sidebar-style":"default","ast-global-header-display":"","ast-banner-title-visibility":"","ast-main-header-display":"","ast-hfb-above-header-display":"","ast-hfb-below-header-display":"","ast-hfb-mobile-header-display":"","site-post-title":"","ast-breadcrumbs-content":"","ast-featured-img":"","footer-sml-layout":"","theme-transparent-header-meta":"default","adv-header-id-meta":"","stick-header-meta":"","header-above-stick-meta":"","header-main-stick-meta":"","header-below-stick-meta":"","astra-migrate-meta-layouts":"default","ast-page-background-enabled":"default","ast-page-background-meta":{"desktop":{"background-color":"","background-image":"","background-repeat":"repeat","background-position":"center center","background-size":"auto","background-attachment":"scroll","background-type":"","background-media":"","overlay-type":"","overlay-color":"","overlay-opacity":"","overlay-gradient":""},"tablet":{"background-color":"","background-image":"","background-repeat":"repeat","background-position":"center center","background-size":"auto","background-attachment":"scroll","background-type":"","background-media":"","overlay-type":"","overlay-color":"","overlay-opacity":"","overlay-gradient":""},"mobile":{"background-color":"","background-image":"","background-repeat":"repeat","background-position":"center center","background-size":"auto","background-attachment":"scroll","background-type":"","background-media":"","overlay-type":"","overlay-color":"","overlay-opacity":"","overlay-gradient":""}},"ast-content-background-meta":{"desktop":{"background-color":"var(--ast-global-color-5)","background-image":"","background-repeat":"repeat","background-position":"center center","background-size":"auto","background-attachment":"scroll","background-type":"","background-media":"","overlay-type":"","overlay-color":"","overlay-opacity":"","overlay-gradient":""},"tablet":{"background-color":"var(--ast-global-color-5)","background-image":"","background-repeat":"repeat","background-position":"center center","background-size":"auto","background-attachment":"scroll","background-type":"","background-media":"","overlay-type":"","overlay-color":"","overlay-opacity":"","overlay-gradient":""},"mobile":{"background-color":"var(--ast-global-color-5)","background-image":"","background-repeat":"repeat","background-position":"center center","background-size":"auto","background-attachment":"scroll","background-type":"","background-media":"","overlay-type":"","overlay-color":"","overlay-opacity":"","overlay-gradient":""}},"_joinchat":[]},"product_cat":[70,73],"product_tag":[],"class_list":{"0":"post-3028","1":"product","2":"type-product","3":"status-publish","4":"has-post-thumbnail","6":"product_cat-cursos","7":"product_cat-manicura-y-belleza-de-pies","8":"desktop-align-left","9":"tablet-align-left","10":"mobile-align-left","11":"ast-product-gallery-layout-horizontal-slider","12":"ast-product-gallery-with-no-image","13":"ast-product-tabs-layout-horizontal","15":"first","16":"instock","17":"shipping-taxable","18":"product-type-simple"},"_links":{"self":[{"href":"https:\/\/citricopeluqueria.com\/index.php?rest_route=\/wp\/v2\/product\/3028","targetHints":{"allow":["GET"]}}],"collection":[{"href":"https:\/\/citricopeluqueria.com\/index.php?rest_route=\/wp\/v2\/product"}],"about":[{"href":"https:\/\/citricopeluqueria.com\/index.php?rest_route=\/wp\/v2\/types\/product"}],"wp:featuredmedia":[{"embeddable":true,"href":"https:\/\/citricopeluqueria.com\/index.php?rest_route=\/wp\/v2\/media\/3031"}],"wp:attachment":[{"href":"https:\/\/citricopeluqueria.com\/index.php?rest_route=%2Fwp%2Fv2%2Fmedia&parent=3028"}],"wp:term":[{"taxonomy":"product_cat","embeddable":true,"href":"https:\/\/citricopeluqueria.com\/index.php?rest_route=%2Fwp%2Fv2%2Fproduct_cat&post=3028"},{"taxonomy":"product_tag","embeddable":true,"href":"https:\/\/citricopeluqueria.com\/index.php?rest_route=%2Fwp%2Fv2%2Fproduct_tag&post=3028"}],"curies":[{"name":"wp","href":"https:\/\/api.w.org\/{rel}","templated":true}]}}