{"id":3021,"date":"2023-06-09T20:18:21","date_gmt":"2023-06-09T20:18:21","guid":{"rendered":"https:\/\/citricopeluqueria.com\/?post_type=product&#038;p=3021"},"modified":"2023-06-10T18:12:21","modified_gmt":"2023-06-10T18:12:21","slug":"taller-de-automaquillaje","status":"publish","type":"product","link":"https:\/\/citricopeluqueria.com\/?product=taller-de-automaquillaje","title":{"rendered":"Taller de Automaquillaje"},"content":{"rendered":"<p><strong>&#8211; Temario: (Actualizaci\u00f3n permanente aplicada a todos los g\u00e9neros)<\/strong><\/p>\n<ul>\n<li>Preparaci\u00f3n de la piel<\/li>\n<li>Tipos de productos, herramientas y bioseguridad.<\/li>\n<li>Colorimetr\u00eda b\u00e1sica: \u00bfQu\u00e9 significa? \u00bfPor qu\u00e9 usamos ciertos colores?<\/li>\n<li>Brochas: Uso apropiado.<\/li>\n<li>Aplicaci\u00f3n de: Base, corrector, polvo, tonalizador, rubor, delineado cl\u00e1sico, labial y m\u00e1scara de pesta\u00f1as.<\/li>\n<li>Maquillaje de d\u00eda (natural).<\/li>\n<li>Maquillaje de noche (smokey).<\/li>\n<li>Colocaci\u00f3n de pesta\u00f1as postizas.<\/li>\n<li><strong>BONUS: \u00a1<\/strong>Tips \u00fanicos para maquillarte en menos tiempo!<\/li>\n<\/ul>\n<p><strong>&#8211; Modalidad:<\/strong><\/p>\n<ul>\n<li>Presencial.<\/li>\n<li>Personalizado y adaptado a cada una de tus necesidades.<\/li>\n<\/ul>\n<p><strong>&#8211; Materiales:<\/strong><\/p>\n<ul>\n<li>Proveemos un kit b\u00e1sico de automaquillaje.<\/li>\n<li>Tu neceser completo (brochas, base, corrector, rubor, labial, sombras, etc).<\/li>\n<li>LA ESCUELA PROVEERA MATERIALES DE SER NECESARIO<\/li>\n<\/ul>\n<p><strong>&#8211; Materiales personales:\u00a0<\/strong><\/p>\n<ul>\n<li>Delineador l\u00edquido.<\/li>\n<li>M\u00e1scara para pesta\u00f1as.<\/li>\n<\/ul>\n<p><strong>&#8211; Duraci\u00f3n del curso:<\/strong><\/p>\n<ul>\n<li>3 horas &#8211; Teor\u00eda y demostraci\u00f3n<\/li>\n<li>1 hora &#8211; Pr\u00e1cticas<\/li>\n<li>Total duraci\u00f3n: 4 horas<\/li>\n<\/ul>\n<p><strong>&#8211; Lugar:<\/strong><\/p>\n<ul>\n<li>Espacio C\u00edtrico Educativo (Av. Fuerza A\u00e9rea 1719, Barrio Parque Capital).<\/li>\n<\/ul>\n<p><strong>&#8211; Dirigido: <\/strong><\/p>\n<ul>\n<li>Todo p\u00fablico, sin necesidad de conocimiento previo.<\/li>\n<\/ul>\n<p><strong>&#8211; Instructores:<\/strong><\/p>\n<ul>\n<li>Sofia Lopez<\/li>\n<\/ul>\n<p><strong>&#8211; Certificaci\u00f3n:<\/strong><\/p>\n<ul>\n<li>Todos nuestros cursos incluyen certificado de asistencia<\/li>\n<\/ul>\n","protected":false},"excerpt":{"rendered":"<p>\u00a1Bienvenida al curso de Taller de Automaquillaje para principiantes!<\/p>\n<p>Este curso est\u00e1 dise\u00f1ado especialmente para ti, que deseas aprender a resaltar tu belleza de manera pr\u00e1ctica y divertida. A trav\u00e9s de sesiones interactivas y amigables, te guiaremos paso a paso en el mundo del automaquillaje, sin importar tu nivel de experiencia.<\/p>\n<p>En este taller, aprender\u00e1s las t\u00e9cnicas b\u00e1sicas de maquillaje para realzar tus rasgos faciales, desde c\u00f3mo preparar tu piel correctamente hasta c\u00f3mo resaltar tus ojos, labios y mejillas de forma natural y favorecedora. Te ense\u00f1aremos a elegir y utilizar los productos adecuados para tu tipo de piel y tono, y descubrir\u00e1s consejos y trucos que te ayudar\u00e1n a lograr un look impecable.<\/p>\n<p>\u00a1Ven y sum\u00e9rgete en un ambiente amigable y divertido mientras aprendes los secretos del maquillaje social de la mano de expertos!<\/p>\n<p>&nbsp;<\/p>\n<p><a href=\"https:\/\/wa.link\/w2912t\" target=\"_blank\" rel=\"noopener\"><img decoding=\"async\" class=\"alignnone wp-image-3100\" src=\"https:\/\/citricopeluqueria.com\/wp-content\/uploads\/2023\/06\/Agregar-un-subtitulo-3-300x120.png\" alt=\"\" width=\"175\" height=\"70\" srcset=\"https:\/\/citricopeluqueria.com\/wp-content\/uploads\/2023\/06\/Agregar-un-subtitulo-3-300x120.png 300w, https:\/\/citricopeluqueria.com\/wp-content\/uploads\/2023\/06\/Agregar-un-subtitulo-3-250x100.png 250w, https:\/\/citricopeluqueria.com\/wp-content\/uploads\/2023\/06\/Agregar-un-subtitulo-3.png 500w\" sizes=\"(max-width: 175px) 100vw, 175px\" \/><\/a><\/p>\n","protected":false},"featured_media":3027,"template":"","meta":{"site-sidebar-layout":"default","site-content-layout":"default","ast-site-content-layout":"","site-content-style":"default","site-sidebar-style":"default","ast-global-header-display":"","ast-banner-title-visibility":"","ast-main-header-display":"","ast-hfb-above-header-display":"","ast-hfb-below-header-display":"","ast-hfb-mobile-header-display":"","site-post-title":"","ast-breadcrumbs-content":"","ast-featured-img":"","footer-sml-layout":"","theme-transparent-header-meta":"default","adv-header-id-meta":"","stick-header-meta":"","header-above-stick-meta":"","header-main-stick-meta":"","header-below-stick-meta":"","astra-migrate-meta-layouts":"default","ast-page-background-enabled":"default","ast-page-background-meta":{"desktop":{"background-color":"","background-image":"","background-repeat":"repeat","background-position":"center center","background-size":"auto","background-attachment":"scroll","background-type":"","background-media":"","overlay-type":"","overlay-color":"","overlay-opacity":"","overlay-gradient":""},"tablet":{"background-color":"","background-image":"","background-repeat":"repeat","background-position":"center center","background-size":"auto","background-attachment":"scroll","background-type":"","background-media":"","overlay-type":"","overlay-color":"","overlay-opacity":"","overlay-gradient":""},"mobile":{"background-color":"","background-image":"","background-repeat":"repeat","background-position":"center center","background-size":"auto","background-attachment":"scroll","background-type":"","background-media":"","overlay-type":"","overlay-color":"","overlay-opacity":"","overlay-gradient":""}},"ast-content-background-meta":{"desktop":{"background-color":"var(--ast-global-color-5)","background-image":"","background-repeat":"repeat","background-position":"center center","background-size":"auto","background-attachment":"scroll","background-type":"","background-media":"","overlay-type":"","overlay-color":"","overlay-opacity":"","overlay-gradient":""},"tablet":{"background-color":"var(--ast-global-color-5)","background-image":"","background-repeat":"repeat","background-position":"center center","background-size":"auto","background-attachment":"scroll","background-type":"","background-media":"","overlay-type":"","overlay-color":"","overlay-opacity":"","overlay-gradient":""},"mobile":{"background-color":"var(--ast-global-color-5)","background-image":"","background-repeat":"repeat","background-position":"center center","background-size":"auto","background-attachment":"scroll","background-type":"","background-media":"","overlay-type":"","overlay-color":"","overlay-opacity":"","overlay-gradient":""}},"_joinchat":[]},"product_cat":[70,72],"product_tag":[],"class_list":{"0":"post-3021","1":"product","2":"type-product","3":"status-publish","4":"has-post-thumbnail","6":"product_cat-cursos","7":"product_cat-maquillaje","8":"desktop-align-left","9":"tablet-align-left","10":"mobile-align-left","11":"ast-product-gallery-layout-horizontal-slider","12":"ast-product-gallery-with-no-image","13":"ast-product-tabs-layout-horizontal","15":"first","16":"instock","17":"shipping-taxable","18":"product-type-simple"},"_links":{"self":[{"href":"https:\/\/citricopeluqueria.com\/index.php?rest_route=\/wp\/v2\/product\/3021","targetHints":{"allow":["GET"]}}],"collection":[{"href":"https:\/\/citricopeluqueria.com\/index.php?rest_route=\/wp\/v2\/product"}],"about":[{"href":"https:\/\/citricopeluqueria.com\/index.php?rest_route=\/wp\/v2\/types\/product"}],"wp:featuredmedia":[{"embeddable":true,"href":"https:\/\/citricopeluqueria.com\/index.php?rest_route=\/wp\/v2\/media\/3027"}],"wp:attachment":[{"href":"https:\/\/citricopeluqueria.com\/index.php?rest_route=%2Fwp%2Fv2%2Fmedia&parent=3021"}],"wp:term":[{"taxonomy":"product_cat","embeddable":true,"href":"https:\/\/citricopeluqueria.com\/index.php?rest_route=%2Fwp%2Fv2%2Fproduct_cat&post=3021"},{"taxonomy":"product_tag","embeddable":true,"href":"https:\/\/citricopeluqueria.com\/index.php?rest_route=%2Fwp%2Fv2%2Fproduct_tag&post=3021"}],"curies":[{"name":"wp","href":"https:\/\/api.w.org\/{rel}","templated":true}]}}