{"id":3020,"date":"2023-06-09T20:07:40","date_gmt":"2023-06-09T20:07:40","guid":{"rendered":"https:\/\/citricopeluqueria.com\/?post_type=product&#038;p=3020"},"modified":"2023-06-10T18:13:12","modified_gmt":"2023-06-10T18:13:12","slug":"maquillaje-social","status":"publish","type":"product","link":"https:\/\/citricopeluqueria.com\/?product=maquillaje-social","title":{"rendered":"Maquillaje Social"},"content":{"rendered":"<p><strong>&#8211; Temario: (Actualizaci\u00f3n permanente aplicada a todos los g\u00e9neros)<\/strong><\/p>\n<ul>\n<li>Introducci\u00f3n al maquillaje social.<\/li>\n<li>Colorimetria completo.<\/li>\n<li>Morfolog\u00eda y visagismo (Contorno e iluminador).<\/li>\n<li>Bioseguridad.<\/li>\n<li>Preparaci\u00f3n de la piel.<\/li>\n<li>Tipos de productos y herramientas.<\/li>\n<li>Correcci\u00f3n de imperfecciones.<\/li>\n<li>Aplicaci\u00f3n de base.<\/li>\n<li>Maquillaje de ojos.<\/li>\n<li>Maquillaje de cejas.<\/li>\n<li>Rubor.<\/li>\n<li>Labios.<\/li>\n<li>Maquillaje Social para eventos espec\u00edficos (quincea\u00f1era, novia y madrina).<\/li>\n<\/ul>\n<p><strong>&#8211; Modalidad:<\/strong><\/p>\n<ul>\n<li>Presencial.<\/li>\n<\/ul>\n<p><strong>&#8211; Materiales:<\/strong><\/p>\n<ul>\n<li>LA ESCUELA PROVEE TODOS LOS MATERIALES.<\/li>\n<\/ul>\n<p><strong>&#8211; Duraci\u00f3n del curso:<\/strong><\/p>\n<ul>\n<li>9 meses<\/li>\n<li>1 d\u00eda a la semana.<\/li>\n<\/ul>\n<p><strong>&#8211; Lugar:<\/strong><\/p>\n<ul>\n<li>Espacio C\u00edtrico Educativo (Av. Fuerza A\u00e9rea 1719, Barrio Parque Capital).<\/li>\n<\/ul>\n<p><strong>&#8211; Dirigido: <\/strong><\/p>\n<ul>\n<li>Todo p\u00fablico, sin necesidad de conocimiento previo.<\/li>\n<\/ul>\n<p><strong>&#8211; Instructores:<\/strong><\/p>\n<ul>\n<li>Sofia Lopez<\/li>\n<\/ul>\n<p><strong>&#8211; Certificaci\u00f3n:<\/strong><\/p>\n<ul>\n<li>Todos nuestros cursos incluyen certificado de asistencia.<\/li>\n<\/ul>\n","protected":false},"excerpt":{"rendered":"<p>\u00a1Descubre el maravilloso mundo del maquillaje y aprende a embellecer a otros de manera profesional!<\/p>\n<p>Nuestro curso de maquillaje social te ense\u00f1ar\u00e1 las t\u00e9cnicas y habilidades necesarias para resaltar la belleza natural de las personas y brindarles un look impecable.<\/p>\n<p>Aprender\u00e1s a crear maquillajes adecuados para diferentes ocasiones, desde eventos especiales hasta maquillaje diario. Con instrucciones paso a paso y pr\u00e1ctica en modelos reales, desarrollar\u00e1s la destreza y confianza para aplicar bases, resaltar ojos, definir labios y mucho m\u00e1s.<\/p>\n<p>Adem\u00e1s, aprender\u00e1s a adaptarte a las preferencias y estilos individuales de cada cliente, brindando un servicio personalizado y amigable. \u00danete a nosotros y desbloquea tu creatividad en el emocionante mundo del maquillaje social.<\/p>\n<p>&nbsp;<\/p>\n<p><a href=\"https:\/\/wa.link\/w2912t\" target=\"_blank\" rel=\"noopener\"><img decoding=\"async\" class=\"alignnone wp-image-3100\" src=\"https:\/\/citricopeluqueria.com\/wp-content\/uploads\/2023\/06\/Agregar-un-subtitulo-3-300x120.png\" alt=\"\" width=\"175\" height=\"70\" srcset=\"https:\/\/citricopeluqueria.com\/wp-content\/uploads\/2023\/06\/Agregar-un-subtitulo-3-300x120.png 300w, https:\/\/citricopeluqueria.com\/wp-content\/uploads\/2023\/06\/Agregar-un-subtitulo-3-250x100.png 250w, https:\/\/citricopeluqueria.com\/wp-content\/uploads\/2023\/06\/Agregar-un-subtitulo-3.png 500w\" sizes=\"(max-width: 175px) 100vw, 175px\" \/><\/a><\/p>\n","protected":false},"featured_media":3022,"template":"","meta":{"site-sidebar-layout":"default","site-content-layout":"default","ast-site-content-layout":"","site-content-style":"default","site-sidebar-style":"default","ast-global-header-display":"","ast-banner-title-visibility":"","ast-main-header-display":"","ast-hfb-above-header-display":"","ast-hfb-below-header-display":"","ast-hfb-mobile-header-display":"","site-post-title":"","ast-breadcrumbs-content":"","ast-featured-img":"","footer-sml-layout":"","theme-transparent-header-meta":"default","adv-header-id-meta":"","stick-header-meta":"","header-above-stick-meta":"","header-main-stick-meta":"","header-below-stick-meta":"","astra-migrate-meta-layouts":"default","ast-page-background-enabled":"default","ast-page-background-meta":{"desktop":{"background-color":"","background-image":"","background-repeat":"repeat","background-position":"center center","background-size":"auto","background-attachment":"scroll","background-type":"","background-media":"","overlay-type":"","overlay-color":"","overlay-opacity":"","overlay-gradient":""},"tablet":{"background-color":"","background-image":"","background-repeat":"repeat","background-position":"center center","background-size":"auto","background-attachment":"scroll","background-type":"","background-media":"","overlay-type":"","overlay-color":"","overlay-opacity":"","overlay-gradient":""},"mobile":{"background-color":"","background-image":"","background-repeat":"repeat","background-position":"center center","background-size":"auto","background-attachment":"scroll","background-type":"","background-media":"","overlay-type":"","overlay-color":"","overlay-opacity":"","overlay-gradient":""}},"ast-content-background-meta":{"desktop":{"background-color":"var(--ast-global-color-5)","background-image":"","background-repeat":"repeat","background-position":"center center","background-size":"auto","background-attachment":"scroll","background-type":"","background-media":"","overlay-type":"","overlay-color":"","overlay-opacity":"","overlay-gradient":""},"tablet":{"background-color":"var(--ast-global-color-5)","background-image":"","background-repeat":"repeat","background-position":"center center","background-size":"auto","background-attachment":"scroll","background-type":"","background-media":"","overlay-type":"","overlay-color":"","overlay-opacity":"","overlay-gradient":""},"mobile":{"background-color":"var(--ast-global-color-5)","background-image":"","background-repeat":"repeat","background-position":"center center","background-size":"auto","background-attachment":"scroll","background-type":"","background-media":"","overlay-type":"","overlay-color":"","overlay-opacity":"","overlay-gradient":""}},"_joinchat":[]},"product_cat":[70,72],"product_tag":[],"class_list":{"0":"post-3020","1":"product","2":"type-product","3":"status-publish","4":"has-post-thumbnail","6":"product_cat-cursos","7":"product_cat-maquillaje","8":"desktop-align-left","9":"tablet-align-left","10":"mobile-align-left","11":"ast-product-gallery-layout-horizontal-slider","12":"ast-product-gallery-with-no-image","13":"ast-product-tabs-layout-horizontal","15":"first","16":"instock","17":"shipping-taxable","18":"product-type-simple"},"_links":{"self":[{"href":"https:\/\/citricopeluqueria.com\/index.php?rest_route=\/wp\/v2\/product\/3020","targetHints":{"allow":["GET"]}}],"collection":[{"href":"https:\/\/citricopeluqueria.com\/index.php?rest_route=\/wp\/v2\/product"}],"about":[{"href":"https:\/\/citricopeluqueria.com\/index.php?rest_route=\/wp\/v2\/types\/product"}],"wp:featuredmedia":[{"embeddable":true,"href":"https:\/\/citricopeluqueria.com\/index.php?rest_route=\/wp\/v2\/media\/3022"}],"wp:attachment":[{"href":"https:\/\/citricopeluqueria.com\/index.php?rest_route=%2Fwp%2Fv2%2Fmedia&parent=3020"}],"wp:term":[{"taxonomy":"product_cat","embeddable":true,"href":"https:\/\/citricopeluqueria.com\/index.php?rest_route=%2Fwp%2Fv2%2Fproduct_cat&post=3020"},{"taxonomy":"product_tag","embeddable":true,"href":"https:\/\/citricopeluqueria.com\/index.php?rest_route=%2Fwp%2Fv2%2Fproduct_tag&post=3020"}],"curies":[{"name":"wp","href":"https:\/\/api.w.org\/{rel}","templated":true}]}}