{"id":3019,"date":"2023-06-09T19:46:08","date_gmt":"2023-06-09T19:46:08","guid":{"rendered":"https:\/\/citricopeluqueria.com\/?post_type=product&#038;p=3019"},"modified":"2023-06-10T18:15:40","modified_gmt":"2023-06-10T18:15:40","slug":"peluqueria-integral-ensenanza-personalizada","status":"publish","type":"product","link":"https:\/\/citricopeluqueria.com\/?product=peluqueria-integral-ensenanza-personalizada","title":{"rendered":"Peluquer\u00eda Integral"},"content":{"rendered":"<p><strong>Temario: (Actualizaci\u00f3n permanente aplicada a todos los g\u00e9neros)<\/strong><\/p>\n<ul>\n<li>Introducci\u00f3n a la peluquer\u00eda<\/li>\n<li>Herramientas y equipos:<\/li>\n<li>T\u00e9cnicas de corte<\/li>\n<li>Coloraci\u00f3n y tintes<\/li>\n<li>Tratamientos capilares<\/li>\n<li>Modelado y finalizaci\u00f3n del corte.<\/li>\n<li>An\u00e1lisis del rostro y asesoramiento.<\/li>\n<li>Cuidado del cabello y productos.<\/li>\n<li>Higiene y seguridad.<\/li>\n<li>Pr\u00e1ctica y demostraciones en modelos durante todo el cursado.<\/li>\n<\/ul>\n<p><strong>Modalidad:<\/strong><\/p>\n<ul>\n<li>Presencial.<\/li>\n<\/ul>\n<p><strong>Materiales:<\/strong><\/p>\n<ul>\n<li>La lista de los materiales\u00a0 necesarios se entrega en la primera clase.<\/li>\n<\/ul>\n<p><strong>Duraci\u00f3n del curso:<\/strong><\/p>\n<ul>\n<li>9 meses<\/li>\n<li>1 d\u00eda a la semana (2 turnos disponibles)<\/li>\n<\/ul>\n<p><strong>Dirigido: <\/strong><\/p>\n<ul>\n<li>Todo p\u00fablico, sin necesidad de conocimiento previo.<\/li>\n<\/ul>\n<p><strong>Instructores:<\/strong><\/p>\n<ul>\n<li>Patricia Chiatti<\/li>\n<\/ul>\n<p><strong>Certificaci\u00f3n:<\/strong><\/p>\n<ul>\n<li>Todos nuestros cursos incluyen certificado de asistencia.<\/li>\n<\/ul>\n","protected":false},"excerpt":{"rendered":"<p>Aprender\u00e1s todas las habilidades necesarias para convertirte en un experto en el cuidado del cabello, desde los cortes m\u00e1s modernos hasta los tratamientos de color y cuidado capilar.<\/p>\n<p>Te ense\u00f1aremos todo sobre el cuidado del cuero cabelludo, productos de calidad y t\u00e9cnicas de lavado y acondicionamiento.<\/p>\n<p>\u00a1\u00danete a nosotros y da rienda suelta a tu creatividad en el maravilloso mundo de la peluquer\u00eda integral!<\/p>\n<p>&nbsp;<\/p>\n<p><a href=\"https:\/\/wa.link\/w2912t\" target=\"_blank\" rel=\"noopener\"><img decoding=\"async\" class=\"alignnone wp-image-3100\" src=\"https:\/\/citricopeluqueria.com\/wp-content\/uploads\/2023\/06\/Agregar-un-subtitulo-3-300x120.png\" alt=\"\" width=\"175\" height=\"70\" srcset=\"https:\/\/citricopeluqueria.com\/wp-content\/uploads\/2023\/06\/Agregar-un-subtitulo-3-300x120.png 300w, https:\/\/citricopeluqueria.com\/wp-content\/uploads\/2023\/06\/Agregar-un-subtitulo-3-250x100.png 250w, https:\/\/citricopeluqueria.com\/wp-content\/uploads\/2023\/06\/Agregar-un-subtitulo-3.png 500w\" sizes=\"(max-width: 175px) 100vw, 175px\" \/><\/a><\/p>\n","protected":false},"featured_media":2760,"template":"","meta":{"site-sidebar-layout":"default","site-content-layout":"default","ast-site-content-layout":"","site-content-style":"default","site-sidebar-style":"default","ast-global-header-display":"","ast-banner-title-visibility":"","ast-main-header-display":"","ast-hfb-above-header-display":"","ast-hfb-below-header-display":"","ast-hfb-mobile-header-display":"","site-post-title":"","ast-breadcrumbs-content":"","ast-featured-img":"","footer-sml-layout":"","theme-transparent-header-meta":"default","adv-header-id-meta":"","stick-header-meta":"","header-above-stick-meta":"","header-main-stick-meta":"","header-below-stick-meta":"","astra-migrate-meta-layouts":"default","ast-page-background-enabled":"default","ast-page-background-meta":{"desktop":{"background-color":"","background-image":"","background-repeat":"repeat","background-position":"center center","background-size":"auto","background-attachment":"scroll","background-type":"","background-media":"","overlay-type":"","overlay-color":"","overlay-opacity":"","overlay-gradient":""},"tablet":{"background-color":"","background-image":"","background-repeat":"repeat","background-position":"center center","background-size":"auto","background-attachment":"scroll","background-type":"","background-media":"","overlay-type":"","overlay-color":"","overlay-opacity":"","overlay-gradient":""},"mobile":{"background-color":"","background-image":"","background-repeat":"repeat","background-position":"center center","background-size":"auto","background-attachment":"scroll","background-type":"","background-media":"","overlay-type":"","overlay-color":"","overlay-opacity":"","overlay-gradient":""}},"ast-content-background-meta":{"desktop":{"background-color":"var(--ast-global-color-5)","background-image":"","background-repeat":"repeat","background-position":"center center","background-size":"auto","background-attachment":"scroll","background-type":"","background-media":"","overlay-type":"","overlay-color":"","overlay-opacity":"","overlay-gradient":""},"tablet":{"background-color":"var(--ast-global-color-5)","background-image":"","background-repeat":"repeat","background-position":"center center","background-size":"auto","background-attachment":"scroll","background-type":"","background-media":"","overlay-type":"","overlay-color":"","overlay-opacity":"","overlay-gradient":""},"mobile":{"background-color":"var(--ast-global-color-5)","background-image":"","background-repeat":"repeat","background-position":"center center","background-size":"auto","background-attachment":"scroll","background-type":"","background-media":"","overlay-type":"","overlay-color":"","overlay-opacity":"","overlay-gradient":""}},"_joinchat":[]},"product_cat":[70,75],"product_tag":[],"class_list":{"0":"post-3019","1":"product","2":"type-product","3":"status-publish","4":"has-post-thumbnail","6":"product_cat-cursos","7":"product_cat-peluqueria-integral","8":"desktop-align-left","9":"tablet-align-left","10":"mobile-align-left","11":"ast-product-gallery-layout-horizontal-slider","12":"ast-product-gallery-with-no-image","13":"ast-product-tabs-layout-horizontal","15":"first","16":"instock","17":"shipping-taxable","18":"product-type-simple"},"_links":{"self":[{"href":"https:\/\/citricopeluqueria.com\/index.php?rest_route=\/wp\/v2\/product\/3019","targetHints":{"allow":["GET"]}}],"collection":[{"href":"https:\/\/citricopeluqueria.com\/index.php?rest_route=\/wp\/v2\/product"}],"about":[{"href":"https:\/\/citricopeluqueria.com\/index.php?rest_route=\/wp\/v2\/types\/product"}],"wp:featuredmedia":[{"embeddable":true,"href":"https:\/\/citricopeluqueria.com\/index.php?rest_route=\/wp\/v2\/media\/2760"}],"wp:attachment":[{"href":"https:\/\/citricopeluqueria.com\/index.php?rest_route=%2Fwp%2Fv2%2Fmedia&parent=3019"}],"wp:term":[{"taxonomy":"product_cat","embeddable":true,"href":"https:\/\/citricopeluqueria.com\/index.php?rest_route=%2Fwp%2Fv2%2Fproduct_cat&post=3019"},{"taxonomy":"product_tag","embeddable":true,"href":"https:\/\/citricopeluqueria.com\/index.php?rest_route=%2Fwp%2Fv2%2Fproduct_tag&post=3019"}],"curies":[{"name":"wp","href":"https:\/\/api.w.org\/{rel}","templated":true}]}}