{"id":3015,"date":"2023-06-09T19:36:39","date_gmt":"2023-06-09T19:36:39","guid":{"rendered":"https:\/\/citricopeluqueria.com\/?post_type=product&#038;p=3015"},"modified":"2023-06-10T18:16:40","modified_gmt":"2023-06-10T18:16:40","slug":"corte-masculino","status":"publish","type":"product","link":"https:\/\/citricopeluqueria.com\/?product=corte-masculino","title":{"rendered":"Corte masculino"},"content":{"rendered":"<p><strong>Temario: (Actualizaci\u00f3n permanente aplicada a todos los g\u00e9neros)<\/strong><\/p>\n<ul>\n<li>Lavado pre y post corte.<\/li>\n<li>Herramientas y sus usos.<\/li>\n<li>Posturas del profesional.<\/li>\n<li>Estilos y tendencias.<\/li>\n<li>Bases y objetivos del corte.<\/li>\n<li>Corte cl\u00e1sico.<\/li>\n<li>Tipos de Fade.<\/li>\n<li>Sistema de corte a m\u00e1quina y con tijera.<\/li>\n<li>Modelado y finalizaci\u00f3n del corte.<\/li>\n<li>Tipos y l\u00edneas de barbas.<\/li>\n<li>An\u00e1lisis del rostro y asesoramiento.<\/li>\n<li>Cuidado del cabello y productos.<\/li>\n<li>Higiene y seguridad.<\/li>\n<li>Pr\u00e1ctica y demostraciones.<\/li>\n<\/ul>\n<p><strong>Modalidad:<\/strong><\/p>\n<ul>\n<li>Presencial.<\/li>\n<\/ul>\n<p><strong>Materiales:<\/strong><\/p>\n<ul>\n<li>En la primera clase se indica los materiales necesitados.<\/li>\n<\/ul>\n<p><strong>Duraci\u00f3n del curso:<\/strong><\/p>\n<ul>\n<li>4 meses<\/li>\n<li>Horas semanales: 2 hs<\/li>\n<\/ul>\n<p><strong>Dirigido: <\/strong><\/p>\n<ul>\n<li>Todo p\u00fablico, sin necesidad de conocimiento previo.<\/li>\n<\/ul>\n<p><strong>Instructor:<\/strong><\/p>\n<ul>\n<li>Francisco Geysels<\/li>\n<\/ul>\n<p><strong>Certificaci\u00f3n:<\/strong><\/p>\n<ul>\n<li>Todos nuestros cursos est\u00e1n certificados y avalados por &#8230;.<\/li>\n<\/ul>\n","protected":false},"excerpt":{"rendered":"<p>\u00a1Descubre el arte del corte masculino en nuestro curso!<\/p>\n<p>Aprender\u00e1s las t\u00e9cnicas m\u00e1s modernas y cl\u00e1sicas de corte, desde degradados hasta cortes a tijera y con navaja. Exploraremos estilos y tendencias para que puedas crear looks \u00fanicos.<\/p>\n<p>Adem\u00e1s, te ense\u00f1aremos a analizar el rostro de tus clientes y aconsejarles sobre el corte perfecto para ellos.<\/p>\n<p>\u00a1\u00danete a nosotros y convi\u00e9rtete en un experto en el cuidado del cabello masculino en un ambiente divertido y seguro!<\/p>\n<p>&nbsp;<\/p>\n<p><a href=\"https:\/\/wa.link\/w2912t\" target=\"_blank\" rel=\"noopener\"><img decoding=\"async\" class=\"alignnone wp-image-3100\" src=\"https:\/\/citricopeluqueria.com\/wp-content\/uploads\/2023\/06\/Agregar-un-subtitulo-3-300x120.png\" alt=\"\" width=\"175\" height=\"70\" srcset=\"https:\/\/citricopeluqueria.com\/wp-content\/uploads\/2023\/06\/Agregar-un-subtitulo-3-300x120.png 300w, https:\/\/citricopeluqueria.com\/wp-content\/uploads\/2023\/06\/Agregar-un-subtitulo-3-250x100.png 250w, https:\/\/citricopeluqueria.com\/wp-content\/uploads\/2023\/06\/Agregar-un-subtitulo-3.png 500w\" sizes=\"(max-width: 175px) 100vw, 175px\" \/><\/a><\/p>\n","protected":false},"featured_media":3029,"template":"","meta":{"site-sidebar-layout":"default","site-content-layout":"default","ast-site-content-layout":"","site-content-style":"default","site-sidebar-style":"default","ast-global-header-display":"","ast-banner-title-visibility":"","ast-main-header-display":"","ast-hfb-above-header-display":"","ast-hfb-below-header-display":"","ast-hfb-mobile-header-display":"","site-post-title":"","ast-breadcrumbs-content":"","ast-featured-img":"","footer-sml-layout":"","theme-transparent-header-meta":"default","adv-header-id-meta":"","stick-header-meta":"","header-above-stick-meta":"","header-main-stick-meta":"","header-below-stick-meta":"","astra-migrate-meta-layouts":"default","ast-page-background-enabled":"default","ast-page-background-meta":{"desktop":{"background-color":"","background-image":"","background-repeat":"repeat","background-position":"center center","background-size":"auto","background-attachment":"scroll","background-type":"","background-media":"","overlay-type":"","overlay-color":"","overlay-opacity":"","overlay-gradient":""},"tablet":{"background-color":"","background-image":"","background-repeat":"repeat","background-position":"center center","background-size":"auto","background-attachment":"scroll","background-type":"","background-media":"","overlay-type":"","overlay-color":"","overlay-opacity":"","overlay-gradient":""},"mobile":{"background-color":"","background-image":"","background-repeat":"repeat","background-position":"center center","background-size":"auto","background-attachment":"scroll","background-type":"","background-media":"","overlay-type":"","overlay-color":"","overlay-opacity":"","overlay-gradient":""}},"ast-content-background-meta":{"desktop":{"background-color":"var(--ast-global-color-5)","background-image":"","background-repeat":"repeat","background-position":"center center","background-size":"auto","background-attachment":"scroll","background-type":"","background-media":"","overlay-type":"","overlay-color":"","overlay-opacity":"","overlay-gradient":""},"tablet":{"background-color":"var(--ast-global-color-5)","background-image":"","background-repeat":"repeat","background-position":"center center","background-size":"auto","background-attachment":"scroll","background-type":"","background-media":"","overlay-type":"","overlay-color":"","overlay-opacity":"","overlay-gradient":""},"mobile":{"background-color":"var(--ast-global-color-5)","background-image":"","background-repeat":"repeat","background-position":"center center","background-size":"auto","background-attachment":"scroll","background-type":"","background-media":"","overlay-type":"","overlay-color":"","overlay-opacity":"","overlay-gradient":""}},"_joinchat":[]},"product_cat":[70,71,75],"product_tag":[],"class_list":{"0":"post-3015","1":"product","2":"type-product","3":"status-publish","4":"has-post-thumbnail","6":"product_cat-cursos","7":"product_cat-masculino","8":"product_cat-peluqueria-integral","9":"desktop-align-left","10":"tablet-align-left","11":"mobile-align-left","12":"ast-product-gallery-layout-horizontal-slider","13":"ast-product-gallery-with-no-image","14":"ast-product-tabs-layout-horizontal","16":"first","17":"instock","18":"shipping-taxable","19":"product-type-simple"},"_links":{"self":[{"href":"https:\/\/citricopeluqueria.com\/index.php?rest_route=\/wp\/v2\/product\/3015","targetHints":{"allow":["GET"]}}],"collection":[{"href":"https:\/\/citricopeluqueria.com\/index.php?rest_route=\/wp\/v2\/product"}],"about":[{"href":"https:\/\/citricopeluqueria.com\/index.php?rest_route=\/wp\/v2\/types\/product"}],"wp:featuredmedia":[{"embeddable":true,"href":"https:\/\/citricopeluqueria.com\/index.php?rest_route=\/wp\/v2\/media\/3029"}],"wp:attachment":[{"href":"https:\/\/citricopeluqueria.com\/index.php?rest_route=%2Fwp%2Fv2%2Fmedia&parent=3015"}],"wp:term":[{"taxonomy":"product_cat","embeddable":true,"href":"https:\/\/citricopeluqueria.com\/index.php?rest_route=%2Fwp%2Fv2%2Fproduct_cat&post=3015"},{"taxonomy":"product_tag","embeddable":true,"href":"https:\/\/citricopeluqueria.com\/index.php?rest_route=%2Fwp%2Fv2%2Fproduct_tag&post=3015"}],"curies":[{"name":"wp","href":"https:\/\/api.w.org\/{rel}","templated":true}]}}